{"id":2518,"date":"2026-03-16T15:38:55","date_gmt":"2026-03-16T14:38:55","guid":{"rendered":"https:\/\/info-n.com\/?post_type=product&#038;p=2518"},"modified":"2026-04-14T10:04:29","modified_gmt":"2026-04-14T09:04:29","slug":"cable-alimentation-trefle-pc-portable","status":"publish","type":"product","link":"https:\/\/info-n.com\/tn\/shop\/cable-alimentation-trefle-pc-portable\/","title":{"rendered":"C\u00e2ble alimentation Trefle PC Portable"},"content":{"rendered":"<p>C\u00e2ble alimentation Trefle PC Portable est con\u00e7u pour relier un adaptateur secteur d&rsquo;ordinateur portable \u00e0 une prise murale.<\/p>\n","protected":false},"excerpt":{"rendered":"<p>C\u00e2ble alimentation Trefle PC Portable est con\u00e7u pour relier un adaptateur secteur d&rsquo;ordinateur portable \u00e0 une prise murale.<\/p>\n","protected":false},"featured_media":2297,"template":"","meta":[],"product_brand":[],"product_cat":[698],"product_tag":[125,126,132,157,473,641,1909],"class_list":{"0":"post-2518","1":"product","2":"type-product","3":"status-publish","4":"has-post-thumbnail","6":"product_cat-cables-dalimentation","7":"product_tag-c5","8":"product_tag-cable","9":"product_tag-cable-c5","10":"product_tag-cable-trefle","11":"product_tag-pc-portable","12":"product_tag-trefle","13":"product_tag-tunisie","15":"first","16":"instock","17":"sale","18":"taxable","19":"shipping-taxable","20":"purchasable","21":"product-type-simple"},"aioseo_notices":[],"_links":{"self":[{"href":"https:\/\/info-n.com\/tn\/wp-json\/wp\/v2\/product\/2518","targetHints":{"allow":["GET"]}}],"collection":[{"href":"https:\/\/info-n.com\/tn\/wp-json\/wp\/v2\/product"}],"about":[{"href":"https:\/\/info-n.com\/tn\/wp-json\/wp\/v2\/types\/product"}],"wp:featuredmedia":[{"embeddable":true,"href":"https:\/\/info-n.com\/tn\/wp-json\/wp\/v2\/media\/2297"}],"wp:attachment":[{"href":"https:\/\/info-n.com\/tn\/wp-json\/wp\/v2\/media?parent=2518"}],"wp:term":[{"taxonomy":"product_brand","embeddable":true,"href":"https:\/\/info-n.com\/tn\/wp-json\/wp\/v2\/product_brand?post=2518"},{"taxonomy":"product_cat","embeddable":true,"href":"https:\/\/info-n.com\/tn\/wp-json\/wp\/v2\/product_cat?post=2518"},{"taxonomy":"product_tag","embeddable":true,"href":"https:\/\/info-n.com\/tn\/wp-json\/wp\/v2\/product_tag?post=2518"}],"curies":[{"name":"wp","href":"https:\/\/api.w.org\/{rel}","templated":true}]}}