{"id":2521,"date":"2026-03-16T15:51:28","date_gmt":"2026-03-16T14:51:28","guid":{"rendered":"https:\/\/info-n.com\/?post_type=product&#038;p=2521"},"modified":"2026-04-14T10:25:16","modified_gmt":"2026-04-14T09:25:16","slug":"cable-dalimentation-pc-de-bureau","status":"publish","type":"product","link":"https:\/\/info-n.com\/tn\/shop\/cable-dalimentation-pc-de-bureau\/","title":{"rendered":"C\u00e2ble d&rsquo;alimentation PC de Bureau"},"content":{"rendered":"<p>C\u00e2ble Alimentation Pour Pc De Bureau Grade A &#8211; C\u00e2ble d&rsquo;alimentation secteur de type Schuko (CEE 7\/7) vers IEC C13, commun\u00e9ment utilis\u00e9 pour les ordinateurs de bureau et les moniteurs.<\/p>\n","protected":false},"excerpt":{"rendered":"<p>C\u00e2ble Alimentation Pour Pc De Bureau Grade A &#8211; C\u00e2ble d&rsquo;alimentation secteur de type Schuko (CEE 7\/7) vers IEC C13, commun\u00e9ment utilis\u00e9 pour les ordinateurs de bureau et les moniteurs.<\/p>\n","protected":false},"featured_media":2307,"template":"","meta":[],"product_brand":[],"product_cat":[698],"product_tag":[124,126,131,136,148,194,305,1909],"class_list":{"0":"post-2521","1":"product","2":"type-product","3":"status-publish","4":"has-post-thumbnail","6":"product_cat-cables-dalimentation","7":"product_tag-bureau","8":"product_tag-cable","9":"product_tag-cable-bureau","10":"product_tag-cable-grade-a","11":"product_tag-cable-pc","12":"product_tag-cee7","13":"product_tag-grade-a","14":"product_tag-tunisie","16":"first","17":"instock","18":"sale","19":"taxable","20":"shipping-taxable","21":"purchasable","22":"product-type-simple"},"aioseo_notices":[],"_links":{"self":[{"href":"https:\/\/info-n.com\/tn\/wp-json\/wp\/v2\/product\/2521","targetHints":{"allow":["GET"]}}],"collection":[{"href":"https:\/\/info-n.com\/tn\/wp-json\/wp\/v2\/product"}],"about":[{"href":"https:\/\/info-n.com\/tn\/wp-json\/wp\/v2\/types\/product"}],"wp:featuredmedia":[{"embeddable":true,"href":"https:\/\/info-n.com\/tn\/wp-json\/wp\/v2\/media\/2307"}],"wp:attachment":[{"href":"https:\/\/info-n.com\/tn\/wp-json\/wp\/v2\/media?parent=2521"}],"wp:term":[{"taxonomy":"product_brand","embeddable":true,"href":"https:\/\/info-n.com\/tn\/wp-json\/wp\/v2\/product_brand?post=2521"},{"taxonomy":"product_cat","embeddable":true,"href":"https:\/\/info-n.com\/tn\/wp-json\/wp\/v2\/product_cat?post=2521"},{"taxonomy":"product_tag","embeddable":true,"href":"https:\/\/info-n.com\/tn\/wp-json\/wp\/v2\/product_tag?post=2521"}],"curies":[{"name":"wp","href":"https:\/\/api.w.org\/{rel}","templated":true}]}}