{"id":2548,"date":"2026-03-17T16:21:21","date_gmt":"2026-03-17T15:21:21","guid":{"rendered":"https:\/\/info-n.com\/?post_type=product&#038;p=2548"},"modified":"2026-04-18T13:21:12","modified_gmt":"2026-04-18T12:21:12","slug":"smart-watch-w26-pro-max-special-series-9-avec-airpods","status":"publish","type":"product","link":"https:\/\/info-n.com\/tn\/shop\/smart-watch-w26-pro-max-special-series-9-avec-airpods\/","title":{"rendered":"Smart Watch W26 pro Max Special Series 9 avec Airpods"},"content":{"rendered":"<p>Smart Watch W26 pro Max Special Series 9 avec Airpods &#8211; Mod\u00e8le : W26 Pro Max (S\u00e9rie 9) &#8211; Montre connect\u00e9e : \u00e9cran 2.02\u2033 IPS Tactile haute r\u00e9solution , IP67, cardio, sommeil, podom\u00e8tre, notifications &#8211; Pack : Inclus Airpods &#8211; Connectivit\u00e9 : Bluetooth (Appels et Musique) &#8211; Compatibilit\u00e9 : iOS et Android<\/p>\n","protected":false},"excerpt":{"rendered":"<p>Le coffret W26 Pro Max Special Series 9 est un ensemble \u00ab\u00a02-en-1\u00a0\u00bb qui inclut une montre connect\u00e9e et des \u00e9couteurs sans fil (AirPods) pour une solution technologique compl\u00e8te.<\/p>\n","protected":false},"featured_media":2485,"template":"","meta":[],"product_brand":[],"product_cat":[297,727],"product_tag":[94,1837,262,1840,1846,330,1834,447,1836,448,1839,1833,1845,1842,499,562,565,1843,1909,669,1838,1832,1835,1844,1841],"class_list":{"0":"post-2548","1":"product","2":"type-product","3":"status-publish","4":"has-post-thumbnail","6":"product_cat-promo","7":"product_cat-smartwatch","8":"product_tag-airpods","9":"product_tag-bluetooth-watch","10":"product_tag-ecouteur-sans-fil","11":"product_tag-fitness-watch","12":"product_tag-health-watch","13":"product_tag-horloge","14":"product_tag-intelligent-watch","15":"product_tag-montre","16":"product_tag-montre-bluetooth","17":"product_tag-montre-connectee","18":"product_tag-montre-fitness","19":"product_tag-montre-intelligente","20":"product_tag-montre-sante","21":"product_tag-montre-sport","22":"product_tag-promotion","23":"product_tag-smart-watch","24":"product_tag-smartwatch","25":"product_tag-sports-watch","26":"product_tag-tunisie","27":"product_tag-w26","28":"product_tag-1838","29":"product_tag-1832","30":"product_tag-1835","31":"product_tag-1844","32":"product_tag-1841","34":"first","35":"instock","36":"sale","37":"featured","38":"taxable","39":"shipping-taxable","40":"purchasable","41":"product-type-simple"},"aioseo_notices":[],"_links":{"self":[{"href":"https:\/\/info-n.com\/tn\/wp-json\/wp\/v2\/product\/2548","targetHints":{"allow":["GET"]}}],"collection":[{"href":"https:\/\/info-n.com\/tn\/wp-json\/wp\/v2\/product"}],"about":[{"href":"https:\/\/info-n.com\/tn\/wp-json\/wp\/v2\/types\/product"}],"wp:featuredmedia":[{"embeddable":true,"href":"https:\/\/info-n.com\/tn\/wp-json\/wp\/v2\/media\/2485"}],"wp:attachment":[{"href":"https:\/\/info-n.com\/tn\/wp-json\/wp\/v2\/media?parent=2548"}],"wp:term":[{"taxonomy":"product_brand","embeddable":true,"href":"https:\/\/info-n.com\/tn\/wp-json\/wp\/v2\/product_brand?post=2548"},{"taxonomy":"product_cat","embeddable":true,"href":"https:\/\/info-n.com\/tn\/wp-json\/wp\/v2\/product_cat?post=2548"},{"taxonomy":"product_tag","embeddable":true,"href":"https:\/\/info-n.com\/tn\/wp-json\/wp\/v2\/product_tag?post=2548"}],"curies":[{"name":"wp","href":"https:\/\/api.w.org\/{rel}","templated":true}]}}