{"id":2550,"date":"2026-03-17T16:33:20","date_gmt":"2026-03-17T15:33:20","guid":{"rendered":"https:\/\/info-n.com\/?post_type=product&#038;p=2550"},"modified":"2026-04-14T12:38:55","modified_gmt":"2026-04-14T11:38:55","slug":"casque-sans-fil-kids-p47m-bluetooth-carte-memoire-noir","status":"publish","type":"product","link":"https:\/\/info-n.com\/tn\/shop\/casque-sans-fil-kids-p47m-bluetooth-carte-memoire-noir\/","title":{"rendered":"Casque Sans Fil KIDS P47M Bluetooth &#038; Carte M\u00e9moire -Noir"},"content":{"rendered":"<p>Casque Sans Fil KIDS P47M Bluetooth &#038; Carte M\u00e9moire &#8211; Design : Oreilles de chat LED multicolores, pliable, upra-auriculaire l\u00e9ger, coussinets confortables pour enfants &#8211; Connectivit\u00e9 : Bluetooth sans fil + Jack 3.5mm + Slot carte TF\/MicroSD &#8211; Autonomie : 3-6 heures de lecture &#8211; Temps de charge : 1-2 heures &#8211; Veille : 18 heures &#8211; \u00c9tanch\u00e9it\u00e9 : R\u00e9sistant \u00e9claboussures &#8211; Audio : Haut-parleurs 40mm, microphone int\u00e9gr\u00e9 &#8211; LED : \u00c9clairage multicolore sur les oreilles de chat &#8211; Compatibilit\u00e9 : Smartphones, tablettes, PC, consoles &#8211; Usage : Gaming, musique, sport, voyages, appels<\/p>\n","protected":false},"excerpt":{"rendered":"<p>Casque Sans Fil KIDS P47M Bluetooth &#038; Carte M\u00e9moire &#8211; Design : Oreilles de chat LED multicolores, pliable, upra-auriculaire l\u00e9ger, coussinets confortables pour enfants &#8211; Connectivit\u00e9 : Bluetooth sans fil + Jack 3.5mm + Slot carte TF\/MicroSD &#8211; Autonomie : 3-6 heures de lecture &#8211; Temps de charge : 1-2 heures &#8211; Veille : 18 [&hellip;]<\/p>\n","protected":false},"featured_media":2366,"template":"","meta":[],"product_brand":[],"product_cat":[704],"product_tag":[1585,1582,116,175,1505,177,178,180,181,1587,188,190,193,257,259,262,1586,368,1583,1589,456,1579,464,465,1580,545,1909,1577,1581,1584,1588,1511,1578,1570,1590],"class_list":{"0":"post-2550","1":"product","2":"type-product","3":"status-publish","4":"has-post-thumbnail","6":"product_cat-casque-sans-fil","7":"product_tag-audio-headset","8":"product_tag-autonomie-longue-duree","9":"product_tag-bluetooth","10":"product_tag-casque","11":"product_tag-casque-audio","12":"product_tag-casque-bluetooth","13":"product_tag-casque-bt","14":"product_tag-casque-cat","15":"product_tag-casque-enfant","16":"product_tag-casque-gaming-sans-fil","17":"product_tag-casque-p47m","18":"product_tag-casque-sans-fil","19":"product_tag-cat","20":"product_tag-ecouteur","21":"product_tag-ecouteur-bluetooth","22":"product_tag-ecouteur-sans-fil","23":"product_tag-gaming-headset-wireless","24":"product_tag-kids","25":"product_tag-long-battery-life","26":"product_tag-music-headphones","27":"product_tag-musique","28":"product_tag-noise-cancelling","29":"product_tag-p47-cat","30":"product_tag-p47m","31":"product_tag-reduction-de-bruit","32":"product_tag-sans-fil","33":"product_tag-tunisie","34":"product_tag-wireless-headphones","35":"product_tag-1581","36":"product_tag-1584","37":"product_tag-1588","38":"product_tag-1511","39":"product_tag-1578","40":"product_tag-1570","41":"product_tag-1590","43":"first","44":"instock","45":"sale","46":"taxable","47":"shipping-taxable","48":"purchasable","49":"product-type-simple"},"aioseo_notices":[],"_links":{"self":[{"href":"https:\/\/info-n.com\/tn\/wp-json\/wp\/v2\/product\/2550","targetHints":{"allow":["GET"]}}],"collection":[{"href":"https:\/\/info-n.com\/tn\/wp-json\/wp\/v2\/product"}],"about":[{"href":"https:\/\/info-n.com\/tn\/wp-json\/wp\/v2\/types\/product"}],"wp:featuredmedia":[{"embeddable":true,"href":"https:\/\/info-n.com\/tn\/wp-json\/wp\/v2\/media\/2366"}],"wp:attachment":[{"href":"https:\/\/info-n.com\/tn\/wp-json\/wp\/v2\/media?parent=2550"}],"wp:term":[{"taxonomy":"product_brand","embeddable":true,"href":"https:\/\/info-n.com\/tn\/wp-json\/wp\/v2\/product_brand?post=2550"},{"taxonomy":"product_cat","embeddable":true,"href":"https:\/\/info-n.com\/tn\/wp-json\/wp\/v2\/product_cat?post=2550"},{"taxonomy":"product_tag","embeddable":true,"href":"https:\/\/info-n.com\/tn\/wp-json\/wp\/v2\/product_tag?post=2550"}],"curies":[{"name":"wp","href":"https:\/\/api.w.org\/{rel}","templated":true}]}}