{"id":2565,"date":"2026-03-16T15:33:04","date_gmt":"2026-03-16T14:33:04","guid":{"rendered":"https:\/\/info-n.com\/?post_type=product&#038;p=2565"},"modified":"2026-04-18T13:21:11","modified_gmt":"2026-04-18T12:21:11","slug":"adaptateur-prise-murale-electrique","status":"publish","type":"product","link":"https:\/\/info-n.com\/tn\/shop\/adaptateur-prise-murale-electrique\/","title":{"rendered":"Adaptateur Prise murale \u00e9lectrique"},"content":{"rendered":"<p>Adaptateur Prise murale \u00e9lectrique &#8211; Permet de convertir les prises am\u00e9ricaines, britanniques et chinoises pour une utilisation en Europe et en Tunisie &#8211; Supporte une tension nominale de 250V et un courant de 10A.<\/p>\n","protected":false},"excerpt":{"rendered":"<p>Adaptateur Prise murale \u00e9lectrique &#8211; Permet de convertir les prises am\u00e9ricaines, britanniques et chinoises pour une utilisation en Europe et en Tunisie &#8211; Supporte une tension nominale de 250V et un courant de 10A.<\/p>\n","protected":false},"featured_media":2291,"template":"","meta":[],"product_brand":[],"product_cat":[690,698,297],"product_tag":[78,242,243,268,455,491,492,493,494,499,1909,1813],"class_list":{"0":"post-2565","1":"product","2":"type-product","3":"status-publish","4":"has-post-thumbnail","6":"product_cat-idivers","7":"product_cat-cables-dalimentation","8":"product_cat-promo","9":"product_tag-adaptateur","10":"product_tag-converter","11":"product_tag-convertisseur","12":"product_tag-electrique","13":"product_tag-murale","14":"product_tag-prise","15":"product_tag-prise-americaine","16":"product_tag-prise-britannique","17":"product_tag-prise-chinoise","18":"product_tag-promotion","19":"product_tag-tunisie","20":"product_tag-1813","22":"first","23":"instock","24":"sale","25":"featured","26":"taxable","27":"shipping-taxable","28":"purchasable","29":"product-type-simple"},"aioseo_notices":[],"_links":{"self":[{"href":"https:\/\/info-n.com\/tn\/wp-json\/wp\/v2\/product\/2565","targetHints":{"allow":["GET"]}}],"collection":[{"href":"https:\/\/info-n.com\/tn\/wp-json\/wp\/v2\/product"}],"about":[{"href":"https:\/\/info-n.com\/tn\/wp-json\/wp\/v2\/types\/product"}],"wp:featuredmedia":[{"embeddable":true,"href":"https:\/\/info-n.com\/tn\/wp-json\/wp\/v2\/media\/2291"}],"wp:attachment":[{"href":"https:\/\/info-n.com\/tn\/wp-json\/wp\/v2\/media?parent=2565"}],"wp:term":[{"taxonomy":"product_brand","embeddable":true,"href":"https:\/\/info-n.com\/tn\/wp-json\/wp\/v2\/product_brand?post=2565"},{"taxonomy":"product_cat","embeddable":true,"href":"https:\/\/info-n.com\/tn\/wp-json\/wp\/v2\/product_cat?post=2565"},{"taxonomy":"product_tag","embeddable":true,"href":"https:\/\/info-n.com\/tn\/wp-json\/wp\/v2\/product_tag?post=2565"}],"curies":[{"name":"wp","href":"https:\/\/api.w.org\/{rel}","templated":true}]}}