{"id":2582,"date":"2026-03-19T14:11:37","date_gmt":"2026-03-19T13:11:37","guid":{"rendered":"https:\/\/info-n.com\/?post_type=product&#038;p=2582"},"modified":"2026-04-14T11:17:21","modified_gmt":"2026-04-14T10:17:21","slug":"cable-reseau-ethernet-rj45-utp-cat6-15m","status":"publish","type":"product","link":"https:\/\/info-n.com\/tn\/shop\/cable-reseau-ethernet-rj45-utp-cat6-15m\/","title":{"rendered":"Cable Reseau Ethernet RJ45 UTP Cat6 15M"},"content":{"rendered":"<p>C\u00e2ble Ethernet RJ45 Cat6 15m, haute vitesse 1Gbps, connexion fiable pour box, PC, consoles et p\u00e9riph\u00e9riques r\u00e9seau.<br \/>\nConnecteur : RJ45 m\u00e2le vers RJ45 m\u00e2le &#8211; Longueur : 15 m\u00e8tres &#8211; Cat\u00e9gorie : Cat6 UTP (Unshielded Twisted Pair) &#8211; D\u00e9bit : Jusqu&rsquo;\u00e0 1 Gbps (1000 Mbps) &#8211; Fr\u00e9quence : 250 MHz &#8211; Fonction : Connexion r\u00e9seau filaire, internet, LAN, gaming, streaming, NAS &#8211; Compatibilit\u00e9 : Box internet, routeur, switch, PC, laptop, PS5, Xbox, TV, imprimante r\u00e9seau, NAS &#8211; Mat\u00e9riau : Gaine PVC souple &#8211; Installation : Plug &#038; Play<\/p>\n","protected":false},"excerpt":{"rendered":"<p>Cable Reseau Ethernet Haut D\u00e9bit RJ45 Cat.6 Gris Compatible Connexion Internet, Box, Routeur, TV, Ordinateur, PC Portable&#8230;<\/p>\n","protected":false},"featured_media":2322,"template":"","meta":[],"product_brand":[],"product_cat":[699],"product_tag":[154,155,532,1909],"class_list":{"0":"post-2582","1":"product","2":"type-product","3":"status-publish","4":"has-post-thumbnail","6":"product_cat-cables-reseau","7":"product_tag-cable-reseau","8":"product_tag-cable-rj45","9":"product_tag-rj45","10":"product_tag-tunisie","12":"first","13":"instock","14":"sale","15":"taxable","16":"shipping-taxable","17":"purchasable","18":"product-type-simple"},"aioseo_notices":[],"_links":{"self":[{"href":"https:\/\/info-n.com\/tn\/wp-json\/wp\/v2\/product\/2582","targetHints":{"allow":["GET"]}}],"collection":[{"href":"https:\/\/info-n.com\/tn\/wp-json\/wp\/v2\/product"}],"about":[{"href":"https:\/\/info-n.com\/tn\/wp-json\/wp\/v2\/types\/product"}],"wp:featuredmedia":[{"embeddable":true,"href":"https:\/\/info-n.com\/tn\/wp-json\/wp\/v2\/media\/2322"}],"wp:attachment":[{"href":"https:\/\/info-n.com\/tn\/wp-json\/wp\/v2\/media?parent=2582"}],"wp:term":[{"taxonomy":"product_brand","embeddable":true,"href":"https:\/\/info-n.com\/tn\/wp-json\/wp\/v2\/product_brand?post=2582"},{"taxonomy":"product_cat","embeddable":true,"href":"https:\/\/info-n.com\/tn\/wp-json\/wp\/v2\/product_cat?post=2582"},{"taxonomy":"product_tag","embeddable":true,"href":"https:\/\/info-n.com\/tn\/wp-json\/wp\/v2\/product_tag?post=2582"}],"curies":[{"name":"wp","href":"https:\/\/api.w.org\/{rel}","templated":true}]}}