{"id":2594,"date":"2026-03-19T15:24:47","date_gmt":"2026-03-19T14:24:47","guid":{"rendered":"https:\/\/info-n.com\/?post_type=product&#038;p=2594"},"modified":"2026-04-15T16:28:06","modified_gmt":"2026-04-15T15:28:06","slug":"ensemble-sans-fil-souris-tapis-lefties-cm003","status":"publish","type":"product","link":"https:\/\/info-n.com\/tn\/shop\/ensemble-sans-fil-souris-tapis-lefties-cm003\/","title":{"rendered":"Ensemble Sans Fil Souris &#038; Tapis LEFTIES CM003"},"content":{"rendered":"<p>Ensemble Sans Fil Souris &#038; Tapis LEFTIES CM003 &#8211; Souris : Sans fil 2,4 GHz &#8211; R\u00e9solution 1600 DPI (r\u00e9glable 800\/1200\/1600) &#8211; Port\u00e9e 10m &#8211; Capteur optique &#8211; Design ambidextre &#8211; Tapis : Texture souple et antid\u00e9rapante &#8211; Connexion : R\u00e9cepteur USB &#8211; Alimentation par pile AA.<\/p>\n","protected":false},"excerpt":{"rendered":"<p>Le Ensemble Souris &amp; Tapis LEFTIES CM003 inclut une souris sans fil avec une connectivit\u00e9 de 2,4 GHz, un connecteur USB, une r\u00e9solution optique de 1600 dpi et une distance de fonctionnement de 10 m\u00e8tres. La souris est con\u00e7ue pour une utilisation ambidextre. Le tapis de souris, quant \u00e0 lui, poss\u00e8de une texture souple et antid\u00e9rapante, avec une couleur dominante verte.<\/p>\n","protected":false},"featured_media":2443,"template":"","meta":[],"product_brand":[],"product_cat":[468,570],"product_tag":[116,1883,388,450,569,571,572,575,576,1886,578,1885,1909,1884],"class_list":{"0":"post-2594","1":"product","2":"type-product","3":"status-publish","4":"has-post-thumbnail","6":"product_cat-combo","7":"product_cat-souris","8":"product_tag-bluetooth","9":"product_tag-computer-mouse","10":"product_tag-lefties","11":"product_tag-mouse","12":"product_tag-souris","13":"product_tag-souris-bluetooth","14":"product_tag-souris-bt","15":"product_tag-souris-ordinateur","16":"product_tag-souris-pc","17":"product_tag-souris-phone","18":"product_tag-souris-sans-fil","19":"product_tag-souris-smartphone","20":"product_tag-tunisie","21":"product_tag-1884","23":"first","24":"instock","25":"sale","26":"taxable","27":"shipping-taxable","28":"purchasable","29":"product-type-simple"},"aioseo_notices":[],"_links":{"self":[{"href":"https:\/\/info-n.com\/tn\/wp-json\/wp\/v2\/product\/2594","targetHints":{"allow":["GET"]}}],"collection":[{"href":"https:\/\/info-n.com\/tn\/wp-json\/wp\/v2\/product"}],"about":[{"href":"https:\/\/info-n.com\/tn\/wp-json\/wp\/v2\/types\/product"}],"wp:featuredmedia":[{"embeddable":true,"href":"https:\/\/info-n.com\/tn\/wp-json\/wp\/v2\/media\/2443"}],"wp:attachment":[{"href":"https:\/\/info-n.com\/tn\/wp-json\/wp\/v2\/media?parent=2594"}],"wp:term":[{"taxonomy":"product_brand","embeddable":true,"href":"https:\/\/info-n.com\/tn\/wp-json\/wp\/v2\/product_brand?post=2594"},{"taxonomy":"product_cat","embeddable":true,"href":"https:\/\/info-n.com\/tn\/wp-json\/wp\/v2\/product_cat?post=2594"},{"taxonomy":"product_tag","embeddable":true,"href":"https:\/\/info-n.com\/tn\/wp-json\/wp\/v2\/product_tag?post=2594"}],"curies":[{"name":"wp","href":"https:\/\/api.w.org\/{rel}","templated":true}]}}