{"id":2595,"date":"2026-03-19T15:26:54","date_gmt":"2026-03-19T14:26:54","guid":{"rendered":"https:\/\/info-n.com\/?post_type=product&#038;p=2595"},"modified":"2026-04-15T18:42:23","modified_gmt":"2026-04-15T17:42:23","slug":"souris-sans-fil-et-rechargeable-w12","status":"publish","type":"product","link":"https:\/\/info-n.com\/tn\/shop\/souris-sans-fil-et-rechargeable-w12\/","title":{"rendered":"Souris Sans Fil et Rechargeable W12"},"content":{"rendered":"<p>Souris Sans Fil et Rechargeable W12 &#8211; Type : Sans fil (RF 2.4 GHz) et Rechargeable &#8211; Batterie : Lithium int\u00e9gr\u00e9e &#8211; Connectique de charge : Micro-USB &#8211; R\u00e9solution : 1600 DPI (ajustable) &#8211; Boutons : 4 (clic gauche, droit, molette et bouton DPI) &#8211; Design : Ergonomique et silencieux &#8211; Couleur : Noir<\/p>\n","protected":false},"excerpt":{"rendered":"<p>La souris sans fil rechargeable W12 est une souris compacte, ultra-plate et silencieuse dot\u00e9e d&rsquo;une connectivit\u00e9 double mode (Bluetooth et 2.4 GHz).<\/p>\n","protected":false},"featured_media":2495,"template":"","meta":[],"product_brand":[],"product_cat":[570],"product_tag":[1883,450,569,571,572,575,576,1886,577,578,579,1885,1909,668,1884],"class_list":{"0":"post-2595","1":"product","2":"type-product","3":"status-publish","4":"has-post-thumbnail","6":"product_cat-souris","7":"product_tag-computer-mouse","8":"product_tag-mouse","9":"product_tag-souris","10":"product_tag-souris-bluetooth","11":"product_tag-souris-bt","12":"product_tag-souris-ordinateur","13":"product_tag-souris-pc","14":"product_tag-souris-phone","15":"product_tag-souris-rechargeable","16":"product_tag-souris-sans-fil","17":"product_tag-souris-silencieuse","18":"product_tag-souris-smartphone","19":"product_tag-tunisie","20":"product_tag-w12","21":"product_tag-1884","23":"first","24":"instock","25":"sale","26":"taxable","27":"shipping-taxable","28":"purchasable","29":"product-type-simple"},"aioseo_notices":[],"_links":{"self":[{"href":"https:\/\/info-n.com\/tn\/wp-json\/wp\/v2\/product\/2595","targetHints":{"allow":["GET"]}}],"collection":[{"href":"https:\/\/info-n.com\/tn\/wp-json\/wp\/v2\/product"}],"about":[{"href":"https:\/\/info-n.com\/tn\/wp-json\/wp\/v2\/types\/product"}],"wp:featuredmedia":[{"embeddable":true,"href":"https:\/\/info-n.com\/tn\/wp-json\/wp\/v2\/media\/2495"}],"wp:attachment":[{"href":"https:\/\/info-n.com\/tn\/wp-json\/wp\/v2\/media?parent=2595"}],"wp:term":[{"taxonomy":"product_brand","embeddable":true,"href":"https:\/\/info-n.com\/tn\/wp-json\/wp\/v2\/product_brand?post=2595"},{"taxonomy":"product_cat","embeddable":true,"href":"https:\/\/info-n.com\/tn\/wp-json\/wp\/v2\/product_cat?post=2595"},{"taxonomy":"product_tag","embeddable":true,"href":"https:\/\/info-n.com\/tn\/wp-json\/wp\/v2\/product_tag?post=2595"}],"curies":[{"name":"wp","href":"https:\/\/api.w.org\/{rel}","templated":true}]}}