{"id":2599,"date":"2026-03-21T10:37:10","date_gmt":"2026-03-21T09:37:10","guid":{"rendered":"https:\/\/info-n.com\/?post_type=product&#038;p=2599"},"modified":"2026-04-15T16:53:46","modified_gmt":"2026-04-15T15:53:46","slug":"manette-de-jeux-filaire-macro","status":"publish","type":"product","link":"https:\/\/info-n.com\/tn\/shop\/manette-de-jeux-filaire-macro\/","title":{"rendered":"Manette De Jeux Filaire MACRO"},"content":{"rendered":"<p>Manette de jeu filaire MACRO USB-701 &#8211; Connexion filaire USB 2.0 &#8211; 14 boutons &#8211; Croix directionnelle r\u00e9active &#8211; Design ergonomique classique &#8211; Longueur de c\u00e2ble env. 1,4m &#8211; Plug &amp; Play &#8211; Compatible PC (Windows 98\/ME\/2000\/XP\/7\/10\/11).<\/p>\n","protected":false},"excerpt":{"rendered":"<p>La manette de jeu filaire MACRO USB-701 est un mod\u00e8le simple et abordable. Elle est caract\u00e9ris\u00e9e par une connexion USB simple et dix boutons.<\/p>\n","protected":false},"featured_media":2465,"template":"","meta":[],"product_brand":[],"product_cat":[713,407],"product_tag":[1881,1878,300,401,1882,406,1880,408,410,411,1909,1879],"class_list":{"0":"post-2599","1":"product","2":"type-product","3":"status-publish","4":"has-post-thumbnail","6":"product_cat-gaming","7":"product_cat-manette","8":"product_tag-console-controller","9":"product_tag-game-controller","10":"product_tag-gamer","11":"product_tag-macro","12":"product_tag-manet","13":"product_tag-manette","14":"product_tag-manette-console","15":"product_tag-manette-de-jeux","16":"product_tag-manette-ordinateur","17":"product_tag-manette-pc","18":"product_tag-tunisie","19":"product_tag-1879","21":"first","22":"instock","23":"taxable","24":"shipping-taxable","25":"purchasable","26":"product-type-simple"},"aioseo_notices":[],"_links":{"self":[{"href":"https:\/\/info-n.com\/tn\/wp-json\/wp\/v2\/product\/2599","targetHints":{"allow":["GET"]}}],"collection":[{"href":"https:\/\/info-n.com\/tn\/wp-json\/wp\/v2\/product"}],"about":[{"href":"https:\/\/info-n.com\/tn\/wp-json\/wp\/v2\/types\/product"}],"wp:featuredmedia":[{"embeddable":true,"href":"https:\/\/info-n.com\/tn\/wp-json\/wp\/v2\/media\/2465"}],"wp:attachment":[{"href":"https:\/\/info-n.com\/tn\/wp-json\/wp\/v2\/media?parent=2599"}],"wp:term":[{"taxonomy":"product_brand","embeddable":true,"href":"https:\/\/info-n.com\/tn\/wp-json\/wp\/v2\/product_brand?post=2599"},{"taxonomy":"product_cat","embeddable":true,"href":"https:\/\/info-n.com\/tn\/wp-json\/wp\/v2\/product_cat?post=2599"},{"taxonomy":"product_tag","embeddable":true,"href":"https:\/\/info-n.com\/tn\/wp-json\/wp\/v2\/product_tag?post=2599"}],"curies":[{"name":"wp","href":"https:\/\/api.w.org\/{rel}","templated":true}]}}