{"id":2600,"date":"2026-03-21T10:39:00","date_gmt":"2026-03-21T09:39:00","guid":{"rendered":"https:\/\/info-n.com\/?post_type=product&#038;p=2600"},"modified":"2026-04-15T16:54:36","modified_gmt":"2026-04-15T15:54:36","slug":"manette-de-jeux-filaire-scorpion-sj208-1","status":"publish","type":"product","link":"https:\/\/info-n.com\/tn\/shop\/manette-de-jeux-filaire-scorpion-sj208-1\/","title":{"rendered":"Manette De Jeux Filaire SCORPION SJ208-1"},"content":{"rendered":"<p>Manette De Jeux Filaire SCORPION SJ208-1 &#8211; Connexion filaire USB 2.0 &#8211; 12 boutons d&rsquo;action &#8211; 2 sticks analogiques haute pr\u00e9cision &#8211; Retour de force (vibration) int\u00e9gr\u00e9 &#8211; Design ergonomique antid\u00e9rapant &#8211; Plug &amp; Play<\/p>\n","protected":false},"excerpt":{"rendered":"<p>La manette Scorpion SJ208-1 est une manette de jeu filaire d&rsquo;entr\u00e9e de gamme, principalement con\u00e7ue pour PC, offrant des fonctionnalit\u00e9s de base telles que la connectivit\u00e9 USB et la vibration.<\/p>\n","protected":false},"featured_media":2466,"template":"","meta":[],"product_brand":[551],"product_cat":[713,407],"product_tag":[1881,1878,300,1882,406,1880,408,410,411,417,552,1909,1879],"class_list":{"0":"post-2600","1":"product","2":"type-product","3":"status-publish","4":"has-post-thumbnail","6":"product_brand-scorpion","7":"product_cat-gaming","8":"product_cat-manette","9":"product_tag-console-controller","10":"product_tag-game-controller","11":"product_tag-gamer","12":"product_tag-manet","13":"product_tag-manette","14":"product_tag-manette-console","15":"product_tag-manette-de-jeux","16":"product_tag-manette-ordinateur","17":"product_tag-manette-pc","18":"product_tag-manette-usb","19":"product_tag-scorpion","20":"product_tag-tunisie","21":"product_tag-1879","23":"first","24":"instock","25":"taxable","26":"shipping-taxable","27":"purchasable","28":"product-type-simple"},"aioseo_notices":[],"_links":{"self":[{"href":"https:\/\/info-n.com\/tn\/wp-json\/wp\/v2\/product\/2600","targetHints":{"allow":["GET"]}}],"collection":[{"href":"https:\/\/info-n.com\/tn\/wp-json\/wp\/v2\/product"}],"about":[{"href":"https:\/\/info-n.com\/tn\/wp-json\/wp\/v2\/types\/product"}],"wp:featuredmedia":[{"embeddable":true,"href":"https:\/\/info-n.com\/tn\/wp-json\/wp\/v2\/media\/2466"}],"wp:attachment":[{"href":"https:\/\/info-n.com\/tn\/wp-json\/wp\/v2\/media?parent=2600"}],"wp:term":[{"taxonomy":"product_brand","embeddable":true,"href":"https:\/\/info-n.com\/tn\/wp-json\/wp\/v2\/product_brand?post=2600"},{"taxonomy":"product_cat","embeddable":true,"href":"https:\/\/info-n.com\/tn\/wp-json\/wp\/v2\/product_cat?post=2600"},{"taxonomy":"product_tag","embeddable":true,"href":"https:\/\/info-n.com\/tn\/wp-json\/wp\/v2\/product_tag?post=2600"}],"curies":[{"name":"wp","href":"https:\/\/api.w.org\/{rel}","templated":true}]}}