{"id":2602,"date":"2026-03-21T10:52:03","date_gmt":"2026-03-21T09:52:03","guid":{"rendered":"https:\/\/info-n.com\/?post_type=product&#038;p=2602"},"modified":"2026-04-14T12:04:46","modified_gmt":"2026-04-14T11:04:46","slug":"carte-memoire-micro-sd-teamgroup-8go-classe-10-avec-adaptateur","status":"publish","type":"product","link":"https:\/\/info-n.com\/tn\/shop\/carte-memoire-micro-sd-teamgroup-8go-classe-10-avec-adaptateur\/","title":{"rendered":"Carte M\u00e9moire Micro SD TEAMGROUP 8Go Classe 10 Avec adaptateur"},"content":{"rendered":"<p>La carte m\u00e9moire TEAM GROUP de 8 GB est une solution de stockage compacte et polyvalente, compatible avec les smartphones Android, tablettes, t\u00e9l\u00e9phones portable, cam\u00e9ras, speakers et consoles de jeux.<br \/>\nCapacit\u00e9 : 8 Go &#8211; Classe : Classe 10 \/ UHS-I U1 &#8211; Vitesse : Lecture jusqu&rsquo;\u00e0 20 Mo\/s, \u00c9criture jusqu&rsquo;\u00e0 15 Mo\/s &#8211; Format : MicroSDHC + adaptateur SD inclus &#8211; Compatibilit\u00e9 : Smartphones, tablettes, appareils photo, dashcam, console portable, GPS &#8211; R\u00e9sistance : \u00c9tanche, anti-chocs, anti-rayons X, protection temp\u00e9rature &#8211; Installation : Plug &#038; Play, formatage recommand\u00e9 &#8211; Usage : Stockage photos\/vid\u00e9os Full HD (1080p), musique, applications, extension de m\u00e9moire<\/p>\n","protected":false},"excerpt":{"rendered":"<p>La carte m\u00e9moire TEAM GROUP de 8 GB est une solution de stockage compacte et polyvalente, compatible avec les smartphones Android, tablettes, t\u00e9l\u00e9phones portable, cam\u00e9ras, speakers et consoles de jeux.<\/p>\n","protected":false},"featured_media":2607,"template":"","meta":[],"product_brand":[631],"product_cat":[701],"product_tag":[1853,171,1850,1847,1856,1854,422,428,438,1851,553,1848,1857,632,1909,1849,1858,1513,1855,1852],"class_list":{"0":"post-2602","1":"product","2":"type-product","3":"status-publish","4":"has-post-thumbnail","6":"product_brand-teamgroup","7":"product_cat-carte-memoire","8":"product_tag-carte-compact-flash","9":"product_tag-carte-memoire","10":"product_tag-carte-microsd","11":"product_tag-carte-sd","12":"product_tag-carte-stockage","13":"product_tag-compact-flash-card","14":"product_tag-memory-card","15":"product_tag-micro-carte-memoire-micro-sd-sd","16":"product_tag-microsd","17":"product_tag-microsd-card","18":"product_tag-sd","19":"product_tag-sd-card","20":"product_tag-storage-card","21":"product_tag-teamgroup","22":"product_tag-tunisie","23":"product_tag--sd","24":"product_tag-1858","25":"product_tag-1513","26":"product_tag-1855","27":"product_tag---sd","29":"first","30":"instock","31":"taxable","32":"shipping-taxable","33":"purchasable","34":"product-type-simple"},"aioseo_notices":[],"_links":{"self":[{"href":"https:\/\/info-n.com\/tn\/wp-json\/wp\/v2\/product\/2602","targetHints":{"allow":["GET"]}}],"collection":[{"href":"https:\/\/info-n.com\/tn\/wp-json\/wp\/v2\/product"}],"about":[{"href":"https:\/\/info-n.com\/tn\/wp-json\/wp\/v2\/types\/product"}],"wp:featuredmedia":[{"embeddable":true,"href":"https:\/\/info-n.com\/tn\/wp-json\/wp\/v2\/media\/2607"}],"wp:attachment":[{"href":"https:\/\/info-n.com\/tn\/wp-json\/wp\/v2\/media?parent=2602"}],"wp:term":[{"taxonomy":"product_brand","embeddable":true,"href":"https:\/\/info-n.com\/tn\/wp-json\/wp\/v2\/product_brand?post=2602"},{"taxonomy":"product_cat","embeddable":true,"href":"https:\/\/info-n.com\/tn\/wp-json\/wp\/v2\/product_cat?post=2602"},{"taxonomy":"product_tag","embeddable":true,"href":"https:\/\/info-n.com\/tn\/wp-json\/wp\/v2\/product_tag?post=2602"}],"curies":[{"name":"wp","href":"https:\/\/api.w.org\/{rel}","templated":true}]}}