{"id":2608,"date":"2026-03-21T10:56:23","date_gmt":"2026-03-21T09:56:23","guid":{"rendered":"https:\/\/info-n.com\/?post_type=product&#038;p=2608"},"modified":"2026-04-15T12:57:39","modified_gmt":"2026-04-15T11:57:39","slug":"cle-usb-dual-sandisk-ultra-dual-drive-m3-0-usb-3-0-micro-usb","status":"publish","type":"product","link":"https:\/\/info-n.com\/tn\/shop\/cle-usb-dual-sandisk-ultra-dual-drive-m3-0-usb-3-0-micro-usb\/","title":{"rendered":"Cl\u00e9 USB DUAL SANDISK ULTRA DUAL DRIVE M3.0 128G &#8211; USB 3.0 &#038; Micro USB"},"content":{"rendered":"<p>Cl\u00e9 USB DUAL SANDISK ULTRA DUAL DRIVE M3.0 128G &#8211; USB 3.0 &amp; Micro USB &#8211; <span data-subtree=\"aimfl\" data-processed=\"true\">Mod\u00e8le : SANDISK ULTRA DUAL DRIVE M3.0 &#8211;\u00a0<\/span><mark class=\"HxTRcb\" data-sfc-root=\"c\" data-sfc-cb=\"\" data-complete=\"true\" data-sae=\"\" aria-owns=\"action-menu-parent-container\">Capacit\u00e9 : 128Go &#8211; Interface : Dual (USB 3.0 &amp; Micro-USB) &#8211; Vitesse : Jusqu&rsquo;\u00e0 150 Mo\/s &#8211; Design : R\u00e9tractable &#8211; Compatibilit\u00e9 : Android (OTG) &amp; PC<\/mark><\/p>\n","protected":false},"excerpt":{"rendered":"<p>La Cl\u00e9 USB SANDISK ULTRA DUAL DRIVE M3.0 &#8211; USB 3.0 &amp; Micro USB est une solution pratique et compacte pour le stockage et le transfert de vos fichiers num\u00e9riques. Avec une capacit\u00e9 de 128 Go, elle permet de sauvegarder des documents, des photos, des vid\u00e9os et bien plus encore.<\/p>\n","protected":false},"featured_media":2411,"template":"","meta":[],"product_brand":[543],"product_cat":[708,719],"product_tag":[230,231,233,234,235,1866,254,292,293,294,295,1868,427,459,544,1909,655,1862,1869,1864,1865,1867,1863],"class_list":{"0":"post-2608","1":"product","2":"type-product","3":"status-publish","4":"has-post-thumbnail","6":"product_brand-sandisk","7":"product_cat-cle-usb","8":"product_cat-otg-adaptateur","9":"product_tag-cle","10":"product_tag-cle-micro","11":"product_tag-cle-usb","12":"product_tag-cle-usb-micro","13":"product_tag-cle-usb-otg","14":"product_tag-disque-amovible","15":"product_tag-dual","16":"product_tag-flash","17":"product_tag-flash-disque","18":"product_tag-flash-disque-otg","19":"product_tag-flash-micro-usb","20":"product_tag-memoire-usb","21":"product_tag-micro-usb","22":"product_tag-otg","23":"product_tag-sandisk","24":"product_tag-tunisie","25":"product_tag-usb","26":"product_tag-usb-flash-drive","27":"product_tag-usb-memory","28":"product_tag-usb-stick","29":"product_tag--usb","30":"product_tag-1867","33":"first","34":"instock","35":"sale","36":"taxable","37":"shipping-taxable","38":"purchasable","39":"product-type-simple"},"aioseo_notices":[],"_links":{"self":[{"href":"https:\/\/info-n.com\/tn\/wp-json\/wp\/v2\/product\/2608","targetHints":{"allow":["GET"]}}],"collection":[{"href":"https:\/\/info-n.com\/tn\/wp-json\/wp\/v2\/product"}],"about":[{"href":"https:\/\/info-n.com\/tn\/wp-json\/wp\/v2\/types\/product"}],"wp:featuredmedia":[{"embeddable":true,"href":"https:\/\/info-n.com\/tn\/wp-json\/wp\/v2\/media\/2411"}],"wp:attachment":[{"href":"https:\/\/info-n.com\/tn\/wp-json\/wp\/v2\/media?parent=2608"}],"wp:term":[{"taxonomy":"product_brand","embeddable":true,"href":"https:\/\/info-n.com\/tn\/wp-json\/wp\/v2\/product_brand?post=2608"},{"taxonomy":"product_cat","embeddable":true,"href":"https:\/\/info-n.com\/tn\/wp-json\/wp\/v2\/product_cat?post=2608"},{"taxonomy":"product_tag","embeddable":true,"href":"https:\/\/info-n.com\/tn\/wp-json\/wp\/v2\/product_tag?post=2608"}],"curies":[{"name":"wp","href":"https:\/\/api.w.org\/{rel}","templated":true}]}}