{"id":2611,"date":"2026-03-21T11:01:27","date_gmt":"2026-03-21T10:01:27","guid":{"rendered":"https:\/\/info-n.com\/?post_type=product&#038;p=2611"},"modified":"2026-04-15T13:03:32","modified_gmt":"2026-04-15T12:03:32","slug":"cle-usb-hiksemi-m200r-8go-usb-2-0","status":"publish","type":"product","link":"https:\/\/info-n.com\/tn\/shop\/cle-usb-hiksemi-m200r-8go-usb-2-0\/","title":{"rendered":"Cl\u00e9 USB HIKSEMI M200R 8Go &#8211; USB 2.0"},"content":{"rendered":"<p>Cl\u00e9 USB HIKSEMI M200R 8Go &#8211; USB 2.0 &#8211; Mod\u00e8le : HIKSEMI M200R &#8211; Capacit\u00e9 : 8Go &#8211; Vitesse de lecture : Jusqu&rsquo;\u00e0 30 MB\/s &#8211; Interface : USB 2.0<\/p>\n","protected":false},"excerpt":{"rendered":"<p>La Cl\u00e9 USB HIKSEMI M200R 8Go est une solution pratique et compacte pour le stockage et le transfert de vos fichiers num\u00e9riques. Avec une capacit\u00e9 de 8 Go, elle permet de sauvegarder des documents, des photos, des vid\u00e9os et bien plus encore.<\/p>\n","protected":false},"featured_media":2412,"template":"","meta":[],"product_brand":[326],"product_cat":[708],"product_tag":[77,230,233,1866,292,293,327,1868,1909,655,1862,1869,1864,1865,1867,1863],"class_list":{"0":"post-2611","1":"product","2":"type-product","3":"status-publish","4":"has-post-thumbnail","6":"product_brand-hiksemi","7":"product_cat-cle-usb","8":"product_tag-8go","9":"product_tag-cle","10":"product_tag-cle-usb","11":"product_tag-disque-amovible","12":"product_tag-flash","13":"product_tag-flash-disque","14":"product_tag-hiksemi","15":"product_tag-memoire-usb","16":"product_tag-tunisie","17":"product_tag-usb","18":"product_tag-usb-flash-drive","19":"product_tag-usb-memory","20":"product_tag-usb-stick","21":"product_tag--usb","22":"product_tag-1867","25":"first","26":"instock","27":"taxable","28":"shipping-taxable","29":"purchasable","30":"product-type-simple"},"aioseo_notices":[],"_links":{"self":[{"href":"https:\/\/info-n.com\/tn\/wp-json\/wp\/v2\/product\/2611","targetHints":{"allow":["GET"]}}],"collection":[{"href":"https:\/\/info-n.com\/tn\/wp-json\/wp\/v2\/product"}],"about":[{"href":"https:\/\/info-n.com\/tn\/wp-json\/wp\/v2\/types\/product"}],"wp:featuredmedia":[{"embeddable":true,"href":"https:\/\/info-n.com\/tn\/wp-json\/wp\/v2\/media\/2412"}],"wp:attachment":[{"href":"https:\/\/info-n.com\/tn\/wp-json\/wp\/v2\/media?parent=2611"}],"wp:term":[{"taxonomy":"product_brand","embeddable":true,"href":"https:\/\/info-n.com\/tn\/wp-json\/wp\/v2\/product_brand?post=2611"},{"taxonomy":"product_cat","embeddable":true,"href":"https:\/\/info-n.com\/tn\/wp-json\/wp\/v2\/product_cat?post=2611"},{"taxonomy":"product_tag","embeddable":true,"href":"https:\/\/info-n.com\/tn\/wp-json\/wp\/v2\/product_tag?post=2611"}],"curies":[{"name":"wp","href":"https:\/\/api.w.org\/{rel}","templated":true}]}}