{"id":2612,"date":"2026-03-21T11:03:29","date_gmt":"2026-03-21T10:03:29","guid":{"rendered":"https:\/\/info-n.com\/?post_type=product&#038;p=2612"},"modified":"2026-04-16T10:33:29","modified_gmt":"2026-04-16T09:33:29","slug":"support-smartphone-pour-voiture-rt-669","status":"publish","type":"product","link":"https:\/\/info-n.com\/tn\/shop\/support-smartphone-pour-voiture-rt-669\/","title":{"rendered":"Support Smartphone Pour Voiture RT-669"},"content":{"rendered":"<p>Support Smartphone Pour Voiture RT-669 &#8211; Type : Support smartphone pour voiture &#8211; Fixation : Ventouse ultra-puissante &#8211; Bras : Articul\u00e9 multi-angle (longue port\u00e9e) &#8211; Rotation : 360\u00b0 &#8211; Compatibilit\u00e9 : Universelle &#8211; Mat\u00e9riau : ABS haute r\u00e9sistance &#8211; Design : Robuste et stable<\/p>\n","protected":false},"excerpt":{"rendered":"<p>Le Support T\u00e9l\u00e9phone Pour Voiture RT-669, un accessoire polyvalent con\u00e7u pour maintenir en toute s\u00e9curit\u00e9 des appareils tels que les smartphones et les tablettes dans un v\u00e9hicule. Ce mod\u00e8le est particuli\u00e8rement connu pour sa conception robuste et ses multiples options de r\u00e9glage.<\/p>\n","protected":false},"featured_media":2510,"template":"","meta":[],"product_brand":[],"product_cat":[724],"product_tag":[1825,563,595,600,610,613,615,618,1909,1826],"class_list":{"0":"post-2612","1":"product","2":"type-product","3":"status-publish","4":"has-post-thumbnail","6":"product_cat-support-smartphone","7":"product_tag-phone-holder","8":"product_tag-smartphone","9":"product_tag-support","10":"product_tag-support-iphone","11":"product_tag-support-portable","12":"product_tag-support-smartphone","13":"product_tag-support-telephone","14":"product_tag-support-voiture","15":"product_tag-tunisie","16":"product_tag-1826","18":"first","19":"instock","20":"sale","21":"taxable","22":"shipping-taxable","23":"purchasable","24":"product-type-simple"},"aioseo_notices":[],"_links":{"self":[{"href":"https:\/\/info-n.com\/tn\/wp-json\/wp\/v2\/product\/2612","targetHints":{"allow":["GET"]}}],"collection":[{"href":"https:\/\/info-n.com\/tn\/wp-json\/wp\/v2\/product"}],"about":[{"href":"https:\/\/info-n.com\/tn\/wp-json\/wp\/v2\/types\/product"}],"wp:featuredmedia":[{"embeddable":true,"href":"https:\/\/info-n.com\/tn\/wp-json\/wp\/v2\/media\/2510"}],"wp:attachment":[{"href":"https:\/\/info-n.com\/tn\/wp-json\/wp\/v2\/media?parent=2612"}],"wp:term":[{"taxonomy":"product_brand","embeddable":true,"href":"https:\/\/info-n.com\/tn\/wp-json\/wp\/v2\/product_brand?post=2612"},{"taxonomy":"product_cat","embeddable":true,"href":"https:\/\/info-n.com\/tn\/wp-json\/wp\/v2\/product_cat?post=2612"},{"taxonomy":"product_tag","embeddable":true,"href":"https:\/\/info-n.com\/tn\/wp-json\/wp\/v2\/product_tag?post=2612"}],"curies":[{"name":"wp","href":"https:\/\/api.w.org\/{rel}","templated":true}]}}