{"id":2613,"date":"2026-03-21T11:04:20","date_gmt":"2026-03-21T10:04:20","guid":{"rendered":"https:\/\/info-n.com\/?post_type=product&#038;p=2613"},"modified":"2026-04-16T10:20:48","modified_gmt":"2026-04-16T09:20:48","slug":"support-smartphone-pour-retroviseur-de-voiture-k531","status":"publish","type":"product","link":"https:\/\/info-n.com\/tn\/shop\/support-smartphone-pour-retroviseur-de-voiture-k531\/","title":{"rendered":"Support Smartphone Pour R\u00e9troviseur de Voiture K531"},"content":{"rendered":"<p>Support Smartphone Pour R\u00e9troviseur de Voiture K531 &#8211; Type : Support smartphone pour r\u00e9troviseur &#8211; Mod\u00e8le : K531 &#8211; Rotation : R\u00e9glable \u00e0 360\u00b0 &#8211; Stabilit\u00e9 : Haute r\u00e9sistance (sans tremblement) &#8211; Avantage : Champ de vision d\u00e9gag\u00e9 et maintien solide<\/p>\n","protected":false},"excerpt":{"rendered":"<p>Le support pour smartphone de r\u00e9troviseur de voiture K531 se distingue par sa rotation \u00e0 360\u00b0, offrant une grande flexibilit\u00e9 d&rsquo;angle de vision, et il est compatible avec la plupart des t\u00e9l\u00e9phones mobiles.<\/p>\n","protected":false},"featured_media":2504,"template":"","meta":[],"product_brand":[],"product_cat":[724],"product_tag":[1825,563,595,600,610,613,615,618,1909,1826],"class_list":{"0":"post-2613","1":"product","2":"type-product","3":"status-publish","4":"has-post-thumbnail","6":"product_cat-support-smartphone","7":"product_tag-phone-holder","8":"product_tag-smartphone","9":"product_tag-support","10":"product_tag-support-iphone","11":"product_tag-support-portable","12":"product_tag-support-smartphone","13":"product_tag-support-telephone","14":"product_tag-support-voiture","15":"product_tag-tunisie","16":"product_tag-1826","18":"first","19":"instock","20":"taxable","21":"shipping-taxable","22":"purchasable","23":"product-type-simple"},"aioseo_notices":[],"_links":{"self":[{"href":"https:\/\/info-n.com\/tn\/wp-json\/wp\/v2\/product\/2613","targetHints":{"allow":["GET"]}}],"collection":[{"href":"https:\/\/info-n.com\/tn\/wp-json\/wp\/v2\/product"}],"about":[{"href":"https:\/\/info-n.com\/tn\/wp-json\/wp\/v2\/types\/product"}],"wp:featuredmedia":[{"embeddable":true,"href":"https:\/\/info-n.com\/tn\/wp-json\/wp\/v2\/media\/2504"}],"wp:attachment":[{"href":"https:\/\/info-n.com\/tn\/wp-json\/wp\/v2\/media?parent=2613"}],"wp:term":[{"taxonomy":"product_brand","embeddable":true,"href":"https:\/\/info-n.com\/tn\/wp-json\/wp\/v2\/product_brand?post=2613"},{"taxonomy":"product_cat","embeddable":true,"href":"https:\/\/info-n.com\/tn\/wp-json\/wp\/v2\/product_cat?post=2613"},{"taxonomy":"product_tag","embeddable":true,"href":"https:\/\/info-n.com\/tn\/wp-json\/wp\/v2\/product_tag?post=2613"}],"curies":[{"name":"wp","href":"https:\/\/api.w.org\/{rel}","templated":true}]}}