{"id":2616,"date":"2026-03-21T11:12:13","date_gmt":"2026-03-21T10:12:13","guid":{"rendered":"https:\/\/info-n.com\/?post_type=product&#038;p=2616"},"modified":"2026-04-18T13:15:27","modified_gmt":"2026-04-18T12:15:27","slug":"cable-de-charge-rapide-usb-vers-micro-kakusiga-ksc-982-3a","status":"publish","type":"product","link":"https:\/\/info-n.com\/tn\/shop\/cable-de-charge-rapide-usb-vers-micro-kakusiga-ksc-982-3a\/","title":{"rendered":"Cable de Charge Rapide USB Vers Micro KAKUSIGA KSC-982 3A"},"content":{"rendered":"<p>Le c\u00e2ble KAKUSIGA KSC-982 assure une recharge rapide de 3A et une synchronisation stable pour vos appareils Micro-USB.<br \/>\nMod\u00e8le : KAKUSIGA KSC-982 &#8211; Type : C\u00e2ble de charge rapide et transfert de donn\u00e9es (USB vers Micro-USB) &#8211; Intensit\u00e9 : 3A (Haute performance) &#8211; Mat\u00e9riau : Gaine en silicone souple et haute durabilit\u00e9 &#8211; Connectique : Connecteurs renforc\u00e9s anti-torsion &#8211; Longueur : 1 m\u00e8tre &#8211; Compatibilit\u00e9 : Smartphones Android, tablettes et accessoires Micro-USB.<\/p>\n","protected":false},"excerpt":{"rendered":"<p>Le c\u00e2ble KAKUSIGA KSC-982 Micro USB est un accessoire con\u00e7u pour la recharge et la synchronisation de donn\u00e9es pour les appareils \u00e9quip\u00e9s d&rsquo;un port Micro USB (Smartphones, T\u00e9l\u00e9phone Portable, enceintes, Airpods, Smart Watch, etc.).<\/p>\n","protected":false},"featured_media":2313,"template":"","meta":[],"product_brand":[364],"product_cat":[697,297],"product_tag":[67,134,135,146,156,163,195,196,1790,365,423,427,499,1793,1909,655,1792,1791,1794],"class_list":{"0":"post-2616","1":"product","2":"type-product","3":"status-publish","4":"has-post-thumbnail","6":"product_brand-kakusiga","7":"product_cat-cable-chargeur","8":"product_cat-promo","9":"product_tag-3a","10":"product_tag-cable-charge","11":"product_tag-cable-chargeur","12":"product_tag-cable-micro","13":"product_tag-cable-smartphone","14":"product_tag-cable-usb","15":"product_tag-charge","16":"product_tag-chargeur","17":"product_tag-charging-cable","18":"product_tag-kakusiga","19":"product_tag-micro","20":"product_tag-micro-usb","21":"product_tag-promotion","22":"product_tag-smartphone-charger-cable","23":"product_tag-tunisie","24":"product_tag-usb","25":"product_tag-usb-cable","26":"product_tag-1791","27":"product_tag-1794","29":"first","30":"instock","31":"sale","32":"featured","33":"taxable","34":"shipping-taxable","35":"purchasable","36":"product-type-simple"},"aioseo_notices":[],"_links":{"self":[{"href":"https:\/\/info-n.com\/tn\/wp-json\/wp\/v2\/product\/2616","targetHints":{"allow":["GET"]}}],"collection":[{"href":"https:\/\/info-n.com\/tn\/wp-json\/wp\/v2\/product"}],"about":[{"href":"https:\/\/info-n.com\/tn\/wp-json\/wp\/v2\/types\/product"}],"wp:featuredmedia":[{"embeddable":true,"href":"https:\/\/info-n.com\/tn\/wp-json\/wp\/v2\/media\/2313"}],"wp:attachment":[{"href":"https:\/\/info-n.com\/tn\/wp-json\/wp\/v2\/media?parent=2616"}],"wp:term":[{"taxonomy":"product_brand","embeddable":true,"href":"https:\/\/info-n.com\/tn\/wp-json\/wp\/v2\/product_brand?post=2616"},{"taxonomy":"product_cat","embeddable":true,"href":"https:\/\/info-n.com\/tn\/wp-json\/wp\/v2\/product_cat?post=2616"},{"taxonomy":"product_tag","embeddable":true,"href":"https:\/\/info-n.com\/tn\/wp-json\/wp\/v2\/product_tag?post=2616"}],"curies":[{"name":"wp","href":"https:\/\/api.w.org\/{rel}","templated":true}]}}