{"id":2617,"date":"2026-03-21T11:13:58","date_gmt":"2026-03-21T10:13:58","guid":{"rendered":"https:\/\/info-n.com\/?post_type=product&#038;p=2617"},"modified":"2026-04-14T10:27:43","modified_gmt":"2026-04-14T09:27:43","slug":"cable-de-charge-rapide-et-de-donnees-type-c-vers-lightning-kakusiga-ksc-982-pd-20w","status":"publish","type":"product","link":"https:\/\/info-n.com\/tn\/shop\/cable-de-charge-rapide-et-de-donnees-type-c-vers-lightning-kakusiga-ksc-982-pd-20w\/","title":{"rendered":"C\u00e2ble de charge rapide et de donn\u00e9es Type-C vers Lightning KAKUSIGA KSC-982 PD 20W"},"content":{"rendered":"<p>Le c\u00e2ble KAKUSIGA KSC-982 d\u00e9livre une puissance de 20W avec technologie Power Delivery pour une charge ultra-rapide de vos appareils Apple.<br \/>\nMod\u00e8le : KAKUSIGA KSC-982 &#8211; Type : C\u00e2ble de charge rapide et synchronisation (USB-C vers Lightning) &#8211; Puissance : 20W (Power Delivery) &#8211; Mat\u00e9riau : Gaine en silicone souple et haute durabilit\u00e9 &#8211; Connectique : Connecteurs renforc\u00e9s anti-torsion &#8211; Longueur : 1 m\u00e8tre &#8211; Compatibilit\u00e9 : iPhones, iPads et iPods avec port Lightning.<\/p>\n","protected":false},"excerpt":{"rendered":"<p>Le c\u00e2ble KAKUSIGA KSC-982 Type-C vers Lightning est un accessoire de charge rapide et de transfert de donn\u00e9es con\u00e7u sp\u00e9cifiquement pour les appareils Apple (Iphone, Ipad, Ipod, Airpods).<\/p>\n","protected":false},"featured_media":2310,"template":"","meta":[],"product_brand":[364],"product_cat":[697],"product_tag":[60,134,135,156,163,195,196,1790,246,365,392,1793,1909,646,647,648,1792,660,1791,1794],"class_list":{"0":"post-2617","1":"product","2":"type-product","3":"status-publish","4":"has-post-thumbnail","6":"product_brand-kakusiga","7":"product_cat-cable-chargeur","8":"product_tag-20w","9":"product_tag-cable-charge","10":"product_tag-cable-chargeur","11":"product_tag-cable-smartphone","12":"product_tag-cable-usb","13":"product_tag-charge","14":"product_tag-chargeur","15":"product_tag-charging-cable","16":"product_tag-data","17":"product_tag-kakusiga","18":"product_tag-lightning","19":"product_tag-smartphone-charger-cable","20":"product_tag-tunisie","21":"product_tag-type-c","22":"product_tag-type-c-iphone","23":"product_tag-type-c-lightning","24":"product_tag-usb-cable","25":"product_tag-usb-c-lightning","26":"product_tag-1791","27":"product_tag-1794","29":"first","30":"instock","31":"sale","32":"taxable","33":"shipping-taxable","34":"purchasable","35":"product-type-simple"},"aioseo_notices":[],"_links":{"self":[{"href":"https:\/\/info-n.com\/tn\/wp-json\/wp\/v2\/product\/2617","targetHints":{"allow":["GET"]}}],"collection":[{"href":"https:\/\/info-n.com\/tn\/wp-json\/wp\/v2\/product"}],"about":[{"href":"https:\/\/info-n.com\/tn\/wp-json\/wp\/v2\/types\/product"}],"wp:featuredmedia":[{"embeddable":true,"href":"https:\/\/info-n.com\/tn\/wp-json\/wp\/v2\/media\/2310"}],"wp:attachment":[{"href":"https:\/\/info-n.com\/tn\/wp-json\/wp\/v2\/media?parent=2617"}],"wp:term":[{"taxonomy":"product_brand","embeddable":true,"href":"https:\/\/info-n.com\/tn\/wp-json\/wp\/v2\/product_brand?post=2617"},{"taxonomy":"product_cat","embeddable":true,"href":"https:\/\/info-n.com\/tn\/wp-json\/wp\/v2\/product_cat?post=2617"},{"taxonomy":"product_tag","embeddable":true,"href":"https:\/\/info-n.com\/tn\/wp-json\/wp\/v2\/product_tag?post=2617"}],"curies":[{"name":"wp","href":"https:\/\/api.w.org\/{rel}","templated":true}]}}