{"id":2618,"date":"2026-03-21T11:16:01","date_gmt":"2026-03-21T10:16:01","guid":{"rendered":"https:\/\/info-n.com\/?post_type=product&#038;p=2618"},"modified":"2026-04-14T10:26:51","modified_gmt":"2026-04-14T09:26:51","slug":"cable-de-charge-rapide-et-de-donnees-type-c-kakusiga-ksc-982-pd-60w","status":"publish","type":"product","link":"https:\/\/info-n.com\/tn\/shop\/cable-de-charge-rapide-et-de-donnees-type-c-kakusiga-ksc-982-pd-60w\/","title":{"rendered":"C\u00e2ble de charge rapide et de donn\u00e9es Type-C KAKUSIGA KSC-982 PD 60W"},"content":{"rendered":"<p>Le c\u00e2ble KAKUSIGA KSC-982 offre une puissance de 60W avec technologie Power Delivery pour une charge ultra-rapide et s\u00e9curis\u00e9e.<br \/>\nMod\u00e8le : KAKUSIGA KSC-982 &#8211; Type : C\u00e2ble de charge rapide et transfert de donn\u00e9es (USB-C vers USB-C) &#8211; Puissance : 60W (Power Delivery) &#8211; Mat\u00e9riau : Gaine en silicone souple et r\u00e9sistante &#8211; Connectique : Connecteurs renforc\u00e9s anti-casse &#8211; Longueur : 1 m\u00e8tre &#8211; Compatibilit\u00e9 : Smartphones, tablettes et ordinateurs portables avec port USB-C.<\/p>\n","protected":false},"excerpt":{"rendered":"<p>Le c\u00e2ble KAKUSIGA KSC-982 offre une puissance de 60W avec technologie Power Delivery pour une charge ultra-rapide et s\u00e9curis\u00e9e.<\/p>\n","protected":false},"featured_media":2309,"template":"","meta":[],"product_brand":[364],"product_cat":[697],"product_tag":[72,134,135,156,163,195,196,1790,246,365,1793,1909,646,649,1792,659,1791,1794],"class_list":{"0":"post-2618","1":"product","2":"type-product","3":"status-publish","4":"has-post-thumbnail","6":"product_brand-kakusiga","7":"product_cat-cable-chargeur","8":"product_tag-60w","9":"product_tag-cable-charge","10":"product_tag-cable-chargeur","11":"product_tag-cable-smartphone","12":"product_tag-cable-usb","13":"product_tag-charge","14":"product_tag-chargeur","15":"product_tag-charging-cable","16":"product_tag-data","17":"product_tag-kakusiga","18":"product_tag-smartphone-charger-cable","19":"product_tag-tunisie","20":"product_tag-type-c","21":"product_tag-type-c-type-c","22":"product_tag-usb-cable","23":"product_tag-usb-c","24":"product_tag-1791","25":"product_tag-1794","27":"first","28":"instock","29":"sale","30":"taxable","31":"shipping-taxable","32":"purchasable","33":"product-type-simple"},"aioseo_notices":[],"_links":{"self":[{"href":"https:\/\/info-n.com\/tn\/wp-json\/wp\/v2\/product\/2618","targetHints":{"allow":["GET"]}}],"collection":[{"href":"https:\/\/info-n.com\/tn\/wp-json\/wp\/v2\/product"}],"about":[{"href":"https:\/\/info-n.com\/tn\/wp-json\/wp\/v2\/types\/product"}],"wp:featuredmedia":[{"embeddable":true,"href":"https:\/\/info-n.com\/tn\/wp-json\/wp\/v2\/media\/2309"}],"wp:attachment":[{"href":"https:\/\/info-n.com\/tn\/wp-json\/wp\/v2\/media?parent=2618"}],"wp:term":[{"taxonomy":"product_brand","embeddable":true,"href":"https:\/\/info-n.com\/tn\/wp-json\/wp\/v2\/product_brand?post=2618"},{"taxonomy":"product_cat","embeddable":true,"href":"https:\/\/info-n.com\/tn\/wp-json\/wp\/v2\/product_cat?post=2618"},{"taxonomy":"product_tag","embeddable":true,"href":"https:\/\/info-n.com\/tn\/wp-json\/wp\/v2\/product_tag?post=2618"}],"curies":[{"name":"wp","href":"https:\/\/api.w.org\/{rel}","templated":true}]}}