{"id":2620,"date":"2026-03-21T11:21:26","date_gmt":"2026-03-21T10:21:26","guid":{"rendered":"https:\/\/info-n.com\/?post_type=product&#038;p=2620"},"modified":"2026-04-18T13:15:28","modified_gmt":"2026-04-18T12:15:28","slug":"chargeur-rapide-kakusiga-ksc-1621-5a-avec-2-ports-usb-cable-usb-vers-type-c","status":"publish","type":"product","link":"https:\/\/info-n.com\/tn\/shop\/chargeur-rapide-kakusiga-ksc-1621-5a-avec-2-ports-usb-cable-usb-vers-type-c\/","title":{"rendered":"Chargeur Rapide KAKUSIGA KSC-1621 5A avec 2 Ports USB &#038; Cable USB vers Type-C"},"content":{"rendered":"<p>Chargeur Rapide KAKUSIGA KSC-1621 5A avec 2 Ports USB &#038; C\u00e2ble USB vers Type-C &#8211; Sortie : 5A max, charge intelligente rapide &#8211; Ports : 2x USB-A pour charge simultan\u00e9e &#8211; C\u00e2ble inclus : USB vers Type-C renforc\u00e9 &#8211; S\u00e9curit\u00e9 : Protection surcharge, surtension, court-circuit, surchauffe &#8211; Compatibilit\u00e9 : Smartphones, tablettes, appareils USB-C<\/p>\n","protected":false},"excerpt":{"rendered":"<p>Le KAKUSIGA KSC-1621 est un ensemble chargeur secteur double port (prise EU) de la s\u00e9rie Jianshun, con\u00e7u pour la charge rapide.<\/p>\n","protected":false},"featured_media":2397,"template":"","meta":[],"product_brand":[364],"product_cat":[705,297],"product_tag":[71,79,159,195,196,208,365,1795,499,554,638,1909,646,1797,1454,1796],"class_list":{"0":"post-2620","1":"product","2":"type-product","3":"status-publish","4":"has-post-thumbnail","6":"product_brand-kakusiga","7":"product_cat-chargeur-telephone","8":"product_cat-promo","9":"product_tag-5a","10":"product_tag-adaptateur-de-charge","11":"product_tag-cable-type-c","12":"product_tag-charge","13":"product_tag-chargeur","14":"product_tag-chargeur-secteur","15":"product_tag-kakusiga","16":"product_tag-phone-charger","17":"product_tag-promotion","18":"product_tag-secteur","19":"product_tag-tete-chargeur","20":"product_tag-tunisie","21":"product_tag-type-c","22":"product_tag-1797","23":"product_tag-1454","24":"product_tag-1796","26":"first","27":"instock","28":"sale","29":"featured","30":"taxable","31":"shipping-taxable","32":"purchasable","33":"product-type-simple"},"aioseo_notices":[],"_links":{"self":[{"href":"https:\/\/info-n.com\/tn\/wp-json\/wp\/v2\/product\/2620","targetHints":{"allow":["GET"]}}],"collection":[{"href":"https:\/\/info-n.com\/tn\/wp-json\/wp\/v2\/product"}],"about":[{"href":"https:\/\/info-n.com\/tn\/wp-json\/wp\/v2\/types\/product"}],"wp:featuredmedia":[{"embeddable":true,"href":"https:\/\/info-n.com\/tn\/wp-json\/wp\/v2\/media\/2397"}],"wp:attachment":[{"href":"https:\/\/info-n.com\/tn\/wp-json\/wp\/v2\/media?parent=2620"}],"wp:term":[{"taxonomy":"product_brand","embeddable":true,"href":"https:\/\/info-n.com\/tn\/wp-json\/wp\/v2\/product_brand?post=2620"},{"taxonomy":"product_cat","embeddable":true,"href":"https:\/\/info-n.com\/tn\/wp-json\/wp\/v2\/product_cat?post=2620"},{"taxonomy":"product_tag","embeddable":true,"href":"https:\/\/info-n.com\/tn\/wp-json\/wp\/v2\/product_tag?post=2620"}],"curies":[{"name":"wp","href":"https:\/\/api.w.org\/{rel}","templated":true}]}}