{"id":2622,"date":"2026-03-21T11:26:13","date_gmt":"2026-03-21T10:26:13","guid":{"rendered":"https:\/\/info-n.com\/?post_type=product&#038;p=2622"},"modified":"2026-04-18T13:21:13","modified_gmt":"2026-04-18T12:21:13","slug":"chargeur-rapide-kakusiga-ksc-1241-pd-30w-type-c","status":"publish","type":"product","link":"https:\/\/info-n.com\/tn\/shop\/chargeur-rapide-kakusiga-ksc-1241-pd-30w-type-c\/","title":{"rendered":"Chargeur Rapide KAKUSIGA KSC-1241 PD 30W Type-C"},"content":{"rendered":"<p>Chargeur Rapide KAKUSIGA KSC-1241 PD 30W Type-C &#8211; Puissance : 30W Power Delivery (PD) charge rapide &#8211; Port : USB-C haute puissance &#8211; S\u00e9curit\u00e9 : Protection surcharge, surtension, court-circuit, surchauffe &#8211; Compatibilit\u00e9 : iPhone 8+, iPad, Samsung, smartphones Android r\u00e9cents, tablettes USB-C<\/p>\n","protected":false},"excerpt":{"rendered":"<p>Le chargeur rapide KAKUSIGA KSC-1241 PD 30W est un adaptateur ultra-compact dot\u00e9 de port USB Type-C, con\u00e7u pour recharger rapidement divers appareils gr\u00e2ce \u00e0 sa puissance totale de 30 Watts.<\/p>\n","protected":false},"featured_media":2394,"template":"","meta":[],"product_brand":[364],"product_cat":[705,297],"product_tag":[64,79,195,196,203,208,289,365,1795,499,554,638,1909,646,1797,1454,1796],"class_list":{"0":"post-2622","1":"product","2":"type-product","3":"status-publish","4":"has-post-thumbnail","6":"product_brand-kakusiga","7":"product_cat-chargeur-telephone","8":"product_cat-promo","9":"product_tag-30w","10":"product_tag-adaptateur-de-charge","11":"product_tag-charge","12":"product_tag-chargeur","13":"product_tag-chargeur-30w","14":"product_tag-chargeur-secteur","15":"product_tag-fast-charger","16":"product_tag-kakusiga","17":"product_tag-phone-charger","18":"product_tag-promotion","19":"product_tag-secteur","20":"product_tag-tete-chargeur","21":"product_tag-tunisie","22":"product_tag-type-c","23":"product_tag-1797","24":"product_tag-1454","25":"product_tag-1796","27":"first","28":"instock","29":"sale","30":"featured","31":"taxable","32":"shipping-taxable","33":"purchasable","34":"product-type-simple"},"aioseo_notices":[],"_links":{"self":[{"href":"https:\/\/info-n.com\/tn\/wp-json\/wp\/v2\/product\/2622","targetHints":{"allow":["GET"]}}],"collection":[{"href":"https:\/\/info-n.com\/tn\/wp-json\/wp\/v2\/product"}],"about":[{"href":"https:\/\/info-n.com\/tn\/wp-json\/wp\/v2\/types\/product"}],"wp:featuredmedia":[{"embeddable":true,"href":"https:\/\/info-n.com\/tn\/wp-json\/wp\/v2\/media\/2394"}],"wp:attachment":[{"href":"https:\/\/info-n.com\/tn\/wp-json\/wp\/v2\/media?parent=2622"}],"wp:term":[{"taxonomy":"product_brand","embeddable":true,"href":"https:\/\/info-n.com\/tn\/wp-json\/wp\/v2\/product_brand?post=2622"},{"taxonomy":"product_cat","embeddable":true,"href":"https:\/\/info-n.com\/tn\/wp-json\/wp\/v2\/product_cat?post=2622"},{"taxonomy":"product_tag","embeddable":true,"href":"https:\/\/info-n.com\/tn\/wp-json\/wp\/v2\/product_tag?post=2622"}],"curies":[{"name":"wp","href":"https:\/\/api.w.org\/{rel}","templated":true}]}}