{"id":2624,"date":"2026-03-21T11:30:48","date_gmt":"2026-03-21T10:30:48","guid":{"rendered":"https:\/\/info-n.com\/?post_type=product&#038;p=2624"},"modified":"2026-04-15T16:00:52","modified_gmt":"2026-04-15T15:00:52","slug":"ecouteur-sans-fil-m10-newest-bluetooth","status":"publish","type":"product","link":"https:\/\/info-n.com\/tn\/shop\/ecouteur-sans-fil-m10-newest-bluetooth\/","title":{"rendered":"\u00c9couteur Sans Fil M10 NEWEST Bluetooth &#8211; Noir"},"content":{"rendered":"<p>\u00c9couteur Sans Fil M10 NEWEST Bluetooth &#8211; Mod\u00e8le : M10 NEWEST &#8211; Type : \u00c9couteur Sans Fil (TWS) &#8211; Connectique : Bluetooth 5.3 (10-15m) &#8211; Autonomie : 4-6h (\u00c9couteurs 50mAh) &#8211; Bo\u00eetier : 2000-2200mAh (Fonction Power Bank) &#8211; \u00c9tanch\u00e9it\u00e9 : IPX7 &#8211; Audio : Hi-Fi 9D &#038; CVC8.0 &#8211; Affichage : \u00c9cran LED<\/p>\n","protected":false},"excerpt":{"rendered":"<p>\u00c9couteur Sans Fil M10 NEWEST &#8211; \u00c9couteurs sportifs ultra-polyvalents avec bo\u00eetier haute capacit\u00e9 servant de batterie de secours et une protection IPX7 contre l&rsquo;eau.<\/p>\n","protected":false},"featured_media":2436,"template":"","meta":[],"product_brand":[],"product_cat":[712],"product_tag":[94,1582,116,1642,255,257,259,262,1508,1653,1650,1644,1639,1656,1659,1647,1652,371,372,375,376,1583,398,1649,1643,545,1655,1646,1909,1640,1658,1584,1641,1654,1645,1516,1657,1648,1660,1651],"class_list":{"0":"post-2624","1":"product","2":"type-product","3":"status-publish","4":"has-post-thumbnail","6":"product_cat-ecouteurs-sans-fil","7":"product_tag-airpods","8":"product_tag-autonomie-longue-duree","9":"product_tag-bluetooth","10":"product_tag-bluetooth-earphones","11":"product_tag-earbuds","12":"product_tag-ecouteur","13":"product_tag-ecouteur-bluetooth","14":"product_tag-ecouteur-sans-fil","15":"product_tag-ecouteurs-bluetooth","16":"product_tag-ecouteurs-gaming","17":"product_tag-ecouteurs-musique","18":"product_tag-ecouteurs-reduction-de-bruit","19":"product_tag-ecouteurs-sans-fil","20":"product_tag-ecouteurs-sport","21":"product_tag-ecouteurs-teletravail","22":"product_tag-ecouteurs-true-wireless","23":"product_tag-gaming-earbuds","24":"product_tag-kit","25":"product_tag-kit-bluetooth","26":"product_tag-kit-man","27":"product_tag-kitman","28":"product_tag-long-battery-life","29":"product_tag-m10","30":"product_tag-music-earbuds","31":"product_tag-noise-cancelling-earbuds","32":"product_tag-sans-fil","33":"product_tag-sport-earbuds","34":"product_tag-true-wireless","35":"product_tag-tunisie","36":"product_tag-wireless-earbuds","37":"product_tag-work-from-home-earbuds","38":"product_tag-1584","39":"product_tag-1641","40":"product_tag-1654","41":"product_tag-1645","42":"product_tag-1516","43":"product_tag-1657","44":"product_tag-1648","45":"product_tag-1660","46":"product_tag-1651","48":"first","49":"instock","50":"sale","51":"taxable","52":"shipping-taxable","53":"purchasable","54":"product-type-simple"},"aioseo_notices":[],"_links":{"self":[{"href":"https:\/\/info-n.com\/tn\/wp-json\/wp\/v2\/product\/2624","targetHints":{"allow":["GET"]}}],"collection":[{"href":"https:\/\/info-n.com\/tn\/wp-json\/wp\/v2\/product"}],"about":[{"href":"https:\/\/info-n.com\/tn\/wp-json\/wp\/v2\/types\/product"}],"wp:featuredmedia":[{"embeddable":true,"href":"https:\/\/info-n.com\/tn\/wp-json\/wp\/v2\/media\/2436"}],"wp:attachment":[{"href":"https:\/\/info-n.com\/tn\/wp-json\/wp\/v2\/media?parent=2624"}],"wp:term":[{"taxonomy":"product_brand","embeddable":true,"href":"https:\/\/info-n.com\/tn\/wp-json\/wp\/v2\/product_brand?post=2624"},{"taxonomy":"product_cat","embeddable":true,"href":"https:\/\/info-n.com\/tn\/wp-json\/wp\/v2\/product_cat?post=2624"},{"taxonomy":"product_tag","embeddable":true,"href":"https:\/\/info-n.com\/tn\/wp-json\/wp\/v2\/product_tag?post=2624"}],"curies":[{"name":"wp","href":"https:\/\/api.w.org\/{rel}","templated":true}]}}