{"id":2626,"date":"2026-03-21T11:34:29","date_gmt":"2026-03-21T10:34:29","guid":{"rendered":"https:\/\/info-n.com\/?post_type=product&#038;p=2626"},"modified":"2026-04-18T13:21:12","modified_gmt":"2026-04-18T12:21:12","slug":"ecouteur-filaire-pzx-1521-jack","status":"publish","type":"product","link":"https:\/\/info-n.com\/tn\/shop\/ecouteur-filaire-pzx-1521-jack\/","title":{"rendered":"Ecouteur Filaire PZX 1521 Jack &#8211; Blanc"},"content":{"rendered":"<p>Ecouteur Filaire PZX 1521 &#8211; Mod\u00e8le : PZX 1521 &#8211; Type : \u00c9couteur filaire (Kit pi\u00e9ton) &#8211; Connectique : Jack 3.5mm &#8211; C\u00e2ble : 1.2m (TPE) &#8211; Audio : St\u00e9r\u00e9o HD &amp; Extra Bass &#8211; Haut-parleur : 14.2mm &#8211; Micro : Int\u00e9gr\u00e9 &#8211; Design : Ergonomique intra-auriculaire<\/p>\n","protected":false},"excerpt":{"rendered":"<p>L&rsquo;\u00e9couteur filaire PZX 1521 Jack est un \u00e9couteur st\u00e9r\u00e9o intra-auriculaires abordable, con\u00e7u pour offrir une exp\u00e9rience sonore de qualit\u00e9 via une connexion Jack 3,5 mm.<\/p>\n","protected":false},"featured_media":2424,"template":"","meta":[],"product_brand":[501],"product_cat":[711,297],"product_tag":[1631,1635,1636,256,1633,257,258,260,264,371,1589,1637,499,502,1909,1564,1565,1634,1630,1632,1590,1638],"class_list":{"0":"post-2626","1":"product","2":"type-product","3":"status-publish","4":"has-post-thumbnail","6":"product_brand-pzx","7":"product_cat-ecouteurs","8":"product_cat-promo","9":"product_tag-casque-audio-filaire","10":"product_tag-casque-musique","11":"product_tag-casque-telephone","12":"product_tag-earphone","13":"product_tag-earphones","14":"product_tag-ecouteur","15":"product_tag-ecouteur-avec-fil","16":"product_tag-ecouteur-filaire","17":"product_tag-ecouteurs","18":"product_tag-kit","19":"product_tag-music-headphones","20":"product_tag-phone-headset","21":"product_tag-promotion","22":"product_tag-pzx","23":"product_tag-tunisie","24":"product_tag-wired-earphones","25":"product_tag-wired-headphones","26":"product_tag-1634","27":"product_tag-1630","28":"product_tag-1632","29":"product_tag-1590","30":"product_tag-1638","32":"first","33":"instock","34":"sale","35":"featured","36":"taxable","37":"shipping-taxable","38":"purchasable","39":"product-type-simple"},"aioseo_notices":[],"_links":{"self":[{"href":"https:\/\/info-n.com\/tn\/wp-json\/wp\/v2\/product\/2626","targetHints":{"allow":["GET"]}}],"collection":[{"href":"https:\/\/info-n.com\/tn\/wp-json\/wp\/v2\/product"}],"about":[{"href":"https:\/\/info-n.com\/tn\/wp-json\/wp\/v2\/types\/product"}],"wp:featuredmedia":[{"embeddable":true,"href":"https:\/\/info-n.com\/tn\/wp-json\/wp\/v2\/media\/2424"}],"wp:attachment":[{"href":"https:\/\/info-n.com\/tn\/wp-json\/wp\/v2\/media?parent=2626"}],"wp:term":[{"taxonomy":"product_brand","embeddable":true,"href":"https:\/\/info-n.com\/tn\/wp-json\/wp\/v2\/product_brand?post=2626"},{"taxonomy":"product_cat","embeddable":true,"href":"https:\/\/info-n.com\/tn\/wp-json\/wp\/v2\/product_cat?post=2626"},{"taxonomy":"product_tag","embeddable":true,"href":"https:\/\/info-n.com\/tn\/wp-json\/wp\/v2\/product_tag?post=2626"}],"curies":[{"name":"wp","href":"https:\/\/api.w.org\/{rel}","templated":true}]}}