{"id":2633,"date":"2026-03-21T11:49:24","date_gmt":"2026-03-21T10:49:24","guid":{"rendered":"https:\/\/info-n.com\/?post_type=product&#038;p=2633"},"modified":"2026-04-15T16:59:18","modified_gmt":"2026-04-15T15:59:18","slug":"casque-spirit-of-gamer-pro-h6-noir","status":"publish","type":"product","link":"https:\/\/info-n.com\/tn\/shop\/casque-spirit-of-gamer-pro-h6-noir\/","title":{"rendered":"Micro Casque Gaming SPIRIT OF GAMER Pro H6 &#8211; Noir"},"content":{"rendered":"<p>Micro Casque Gaming SPIRIT OF GAMER Pro H6 &#8211; Type Casque gaming st\u00e9r\u00e9o ferm\u00e9 &#8211; Haut-parleurs 50mm &#8211; Fr\u00e9quence 20Hz-20kHz &#8211; Imp\u00e9dance 32\u03a9 &#8211; Sensibilit\u00e9 112dB &#8211; Micro int\u00e9gr\u00e9 &#8211; 2x Jack 3.5mm + USB (RGB) &#8211; C\u00e2ble 2m &#8211; Compatible PC, PlayStation, Xbox, Switch, smartphones &#8211; Poids 240g.<\/p>\n","protected":false},"excerpt":{"rendered":"<p>Le casque Spirit of Gamer PRO H6 est un micro-casque gaming filaire compatible multiplateforme (PC, PlayStation, Xbox, Switch, smartphones) offrant un son st\u00e9r\u00e9o immersif et un \u00e9clairage LED RGB. Il est con\u00e7u pour le confort lors de longues sessions de jeu.<\/p>\n","protected":false},"featured_media":2374,"template":"","meta":[],"product_brand":[586],"product_cat":[703,713,424],"product_tag":[1573,175,1505,182,300,1569,1568,425,1571,1572,495,587,1909,1564,1565,1563,1574,1566,1570,1575,1576,1567],"class_list":{"0":"post-2633","1":"product","2":"type-product","3":"status-publish","4":"has-post-thumbnail","6":"product_brand-spirit-of-gamer","7":"product_cat-casques-filaires","8":"product_cat-gaming","9":"product_cat-micro-casque","10":"product_tag-call-center-headset","11":"product_tag-casque","12":"product_tag-casque-audio","13":"product_tag-casque-filaire","14":"product_tag-gamer","15":"product_tag-gaming-headset","16":"product_tag-headphones-with-mic","17":"product_tag-micro-casque","18":"product_tag-microphone-headset","19":"product_tag-pc-headset","20":"product_tag-pro","21":"product_tag-spirit-of-gamer","22":"product_tag-tunisie","23":"product_tag-wired-earphones","24":"product_tag-wired-headphones","25":"product_tag-wired-headset","26":"product_tag-1574","27":"product_tag-1566","28":"product_tag-1570","29":"product_tag-1575","30":"product_tag-1576","31":"product_tag-1567","33":"first","34":"instock","35":"sale","36":"taxable","37":"shipping-taxable","38":"purchasable","39":"product-type-simple"},"aioseo_notices":[],"_links":{"self":[{"href":"https:\/\/info-n.com\/tn\/wp-json\/wp\/v2\/product\/2633","targetHints":{"allow":["GET"]}}],"collection":[{"href":"https:\/\/info-n.com\/tn\/wp-json\/wp\/v2\/product"}],"about":[{"href":"https:\/\/info-n.com\/tn\/wp-json\/wp\/v2\/types\/product"}],"wp:featuredmedia":[{"embeddable":true,"href":"https:\/\/info-n.com\/tn\/wp-json\/wp\/v2\/media\/2374"}],"wp:attachment":[{"href":"https:\/\/info-n.com\/tn\/wp-json\/wp\/v2\/media?parent=2633"}],"wp:term":[{"taxonomy":"product_brand","embeddable":true,"href":"https:\/\/info-n.com\/tn\/wp-json\/wp\/v2\/product_brand?post=2633"},{"taxonomy":"product_cat","embeddable":true,"href":"https:\/\/info-n.com\/tn\/wp-json\/wp\/v2\/product_cat?post=2633"},{"taxonomy":"product_tag","embeddable":true,"href":"https:\/\/info-n.com\/tn\/wp-json\/wp\/v2\/product_tag?post=2633"}],"curies":[{"name":"wp","href":"https:\/\/api.w.org\/{rel}","templated":true}]}}