{"id":2634,"date":"2026-03-21T11:53:53","date_gmt":"2026-03-21T10:53:53","guid":{"rendered":"https:\/\/info-n.com\/?post_type=product&#038;p=2634"},"modified":"2026-04-15T17:26:59","modified_gmt":"2026-04-15T16:26:59","slug":"micro-casque-macro-d611","status":"publish","type":"product","link":"https:\/\/info-n.com\/tn\/shop\/micro-casque-macro-d611\/","title":{"rendered":"Micro Casque MACRO D611"},"content":{"rendered":"<p>Micro Casque MACRO D611 &#8211; Connectivit\u00e9 : Filaire double Jack 3,5 mm &#8211; Fr\u00e9quence : 20 Hz \u00e0 20 000 Hz &#8211; Confort : Coussinets \u00e9ponge et serre-t\u00eate r\u00e9glable &#8211; Commandes : Volume sur c\u00e2ble &#8211; C\u00e2ble : 1,8 m<\/p>\n","protected":false},"excerpt":{"rendered":"<p>Le Micro Casque MACRO D611 est un casque filaire simple, con\u00e7u pour des usages basiques, dot\u00e9 d&rsquo;un microphone et d&rsquo;un contr\u00f4le du volume.<\/p>\n","protected":false},"featured_media":2472,"template":"","meta":[],"product_brand":[402],"product_cat":[703,424],"product_tag":[1573,175,1505,182,1569,1568,401,425,1571,1572,1909,1564,1565,1563,1574,1566,1570,1575,1576,1567],"class_list":{"0":"post-2634","1":"product","2":"type-product","3":"status-publish","4":"has-post-thumbnail","6":"product_brand-macro","7":"product_cat-casques-filaires","8":"product_cat-micro-casque","9":"product_tag-call-center-headset","10":"product_tag-casque","11":"product_tag-casque-audio","12":"product_tag-casque-filaire","13":"product_tag-gaming-headset","14":"product_tag-headphones-with-mic","15":"product_tag-macro","16":"product_tag-micro-casque","17":"product_tag-microphone-headset","18":"product_tag-pc-headset","19":"product_tag-tunisie","20":"product_tag-wired-earphones","21":"product_tag-wired-headphones","22":"product_tag-wired-headset","23":"product_tag-1574","24":"product_tag-1566","25":"product_tag-1570","26":"product_tag-1575","27":"product_tag-1576","28":"product_tag-1567","30":"first","31":"instock","32":"sale","33":"taxable","34":"shipping-taxable","35":"purchasable","36":"product-type-simple"},"aioseo_notices":[],"_links":{"self":[{"href":"https:\/\/info-n.com\/tn\/wp-json\/wp\/v2\/product\/2634","targetHints":{"allow":["GET"]}}],"collection":[{"href":"https:\/\/info-n.com\/tn\/wp-json\/wp\/v2\/product"}],"about":[{"href":"https:\/\/info-n.com\/tn\/wp-json\/wp\/v2\/types\/product"}],"wp:featuredmedia":[{"embeddable":true,"href":"https:\/\/info-n.com\/tn\/wp-json\/wp\/v2\/media\/2472"}],"wp:attachment":[{"href":"https:\/\/info-n.com\/tn\/wp-json\/wp\/v2\/media?parent=2634"}],"wp:term":[{"taxonomy":"product_brand","embeddable":true,"href":"https:\/\/info-n.com\/tn\/wp-json\/wp\/v2\/product_brand?post=2634"},{"taxonomy":"product_cat","embeddable":true,"href":"https:\/\/info-n.com\/tn\/wp-json\/wp\/v2\/product_cat?post=2634"},{"taxonomy":"product_tag","embeddable":true,"href":"https:\/\/info-n.com\/tn\/wp-json\/wp\/v2\/product_tag?post=2634"}],"curies":[{"name":"wp","href":"https:\/\/api.w.org\/{rel}","templated":true}]}}