{"id":2635,"date":"2026-03-21T11:58:54","date_gmt":"2026-03-21T10:58:54","guid":{"rendered":"https:\/\/info-n.com\/?post_type=product&#038;p=2635"},"modified":"2026-04-18T13:21:11","modified_gmt":"2026-04-18T12:21:11","slug":"chargeur-de-voiture-rapide-usb-et-type-c-pzx-c902","status":"publish","type":"product","link":"https:\/\/info-n.com\/tn\/shop\/chargeur-de-voiture-rapide-usb-et-type-c-pzx-c902\/","title":{"rendered":"Chargeur de voiture rapide USB et Type-C PZX C902 3.1A"},"content":{"rendered":"<p>Chargeur Voiture Rapide PZX C902 3.1A USB &#038; Type-C &#8211; Puissance : 3.1A max, charge rapide intelligente &#8211; Ports : USB-A + USB-C pour charge simultan\u00e9e &#8211; Technologie : Identification automatique, distribution optimale du courant &#8211; S\u00e9curit\u00e9 : Protection surcharge, surtension, court-circuit, surchauffe &#8211; Compatibilit\u00e9 : Smartphones, tablettes, appareils USB et USB-C<\/p>\n","protected":false},"excerpt":{"rendered":"<p>Le chargeur de voiture PZX C902 est un accessoire compact qui se branchent sur l&rsquo;allume-cigare pour recharger les appareils mobiles en d\u00e9placement.<\/p>\n","protected":false},"featured_media":2377,"template":"","meta":[],"product_brand":[501],"product_cat":[2031,706,297],"product_tag":[59,1802,1799,1805,196,1801,1810,1807,1804,210,1798,1808,1811,499,1909,646,655,667,1803,1809,1812,1800,1806],"class_list":{"0":"post-2635","1":"product","2":"type-product","3":"status-publish","4":"has-post-thumbnail","6":"product_brand-pzx","7":"product_cat-chargeur-auto","8":"product_cat-chargeur-voiture","9":"product_cat-promo","10":"product_tag-2-4a","11":"product_tag-auto-charger","12":"product_tag-car-charger-cigarette-lighter","13":"product_tag-car-usb-charger","14":"product_tag-chargeur","15":"product_tag-chargeur-auto","16":"product_tag-chargeur-portable-voiture","17":"product_tag-chargeur-rapide-voiture","18":"product_tag-chargeur-usb-voiture","19":"product_tag-chargeur-voiture","20":"product_tag-chargeur-voiture-allume-cigare","21":"product_tag-fast-car-charger","22":"product_tag-portable-car-charger","23":"product_tag-promotion","24":"product_tag-tunisie","25":"product_tag-type-c","26":"product_tag-usb","27":"product_tag-voiture","28":"product_tag-1803","29":"product_tag-1809","30":"product_tag-1812","31":"product_tag-1800","32":"product_tag-1806","34":"first","35":"instock","36":"sale","37":"featured","38":"taxable","39":"shipping-taxable","40":"purchasable","41":"product-type-simple"},"aioseo_notices":[],"_links":{"self":[{"href":"https:\/\/info-n.com\/tn\/wp-json\/wp\/v2\/product\/2635","targetHints":{"allow":["GET"]}}],"collection":[{"href":"https:\/\/info-n.com\/tn\/wp-json\/wp\/v2\/product"}],"about":[{"href":"https:\/\/info-n.com\/tn\/wp-json\/wp\/v2\/types\/product"}],"wp:featuredmedia":[{"embeddable":true,"href":"https:\/\/info-n.com\/tn\/wp-json\/wp\/v2\/media\/2377"}],"wp:attachment":[{"href":"https:\/\/info-n.com\/tn\/wp-json\/wp\/v2\/media?parent=2635"}],"wp:term":[{"taxonomy":"product_brand","embeddable":true,"href":"https:\/\/info-n.com\/tn\/wp-json\/wp\/v2\/product_brand?post=2635"},{"taxonomy":"product_cat","embeddable":true,"href":"https:\/\/info-n.com\/tn\/wp-json\/wp\/v2\/product_cat?post=2635"},{"taxonomy":"product_tag","embeddable":true,"href":"https:\/\/info-n.com\/tn\/wp-json\/wp\/v2\/product_tag?post=2635"}],"curies":[{"name":"wp","href":"https:\/\/api.w.org\/{rel}","templated":true}]}}