{"id":2636,"date":"2026-03-21T12:00:00","date_gmt":"2026-03-21T11:00:00","guid":{"rendered":"https:\/\/info-n.com\/?post_type=product&#038;p=2636"},"modified":"2026-04-18T13:21:13","modified_gmt":"2026-04-18T12:21:13","slug":"chargeur-de-voiture-rapide-iconix-ic-cc1716-17w","status":"publish","type":"product","link":"https:\/\/info-n.com\/tn\/shop\/chargeur-de-voiture-rapide-iconix-ic-cc1716-17w\/","title":{"rendered":"Chargeur de voiture rapide ICONIX IC-CC1716 17W"},"content":{"rendered":"<p>Chargeur Voiture Rapide Iconix IC-CC1716 17W &#8211; Puissance : 17W, sortie 3.4A max (AUTO-ID) &#8211; Ports : Double USB pour charge simultan\u00e9e &#8211; Technologie : Charge rapide +27%, puce intelligente, identification automatique &#8211; S\u00e9curit\u00e9 : Protection surintensit\u00e9s, r\u00e9duction chaleur 45% &#8211; Compatibilit\u00e9 : Smartphones, tablettes, montres connect\u00e9es, batteries Ni-CD\/Ni-MH\/Li-Ion<\/p>\n","protected":false},"excerpt":{"rendered":"<p>Le chargeur de voiture rapide 17W Iconix IC-CC1716, est con\u00e7u pour offrir une charge rapide et efficace pour tous vos appareils. Gr\u00e2ce \u00e0 sa puce intelligente et sa technologie d\u2019identification automatique, il ajuste la vitesse de charge selon vos besoins. Compatible avec une large gamme d\u2019appareils, tels que les t\u00e9l\u00e9phones, tablettes et montres intelligentes, il offre une charge maximale de 3,4 A (AUTO-ID).<\/p>\n","protected":false},"featured_media":2376,"template":"","meta":[],"product_brand":[337],"product_cat":[2031,706,297],"product_tag":[55,1802,1799,1805,196,1801,1810,1807,1804,210,1798,1808,338,1811,499,1909,667,1803,1809,1812,1800,1806],"class_list":{"0":"post-2636","1":"product","2":"type-product","3":"status-publish","4":"has-post-thumbnail","6":"product_brand-iconix","7":"product_cat-chargeur-auto","8":"product_cat-chargeur-voiture","9":"product_cat-promo","10":"product_tag-17w","11":"product_tag-auto-charger","12":"product_tag-car-charger-cigarette-lighter","13":"product_tag-car-usb-charger","14":"product_tag-chargeur","15":"product_tag-chargeur-auto","16":"product_tag-chargeur-portable-voiture","17":"product_tag-chargeur-rapide-voiture","18":"product_tag-chargeur-usb-voiture","19":"product_tag-chargeur-voiture","20":"product_tag-chargeur-voiture-allume-cigare","21":"product_tag-fast-car-charger","22":"product_tag-iconix","23":"product_tag-portable-car-charger","24":"product_tag-promotion","25":"product_tag-tunisie","26":"product_tag-voiture","27":"product_tag-1803","28":"product_tag-1809","29":"product_tag-1812","30":"product_tag-1800","31":"product_tag-1806","33":"first","34":"instock","35":"sale","36":"featured","37":"taxable","38":"shipping-taxable","39":"purchasable","40":"product-type-simple"},"aioseo_notices":[],"_links":{"self":[{"href":"https:\/\/info-n.com\/tn\/wp-json\/wp\/v2\/product\/2636","targetHints":{"allow":["GET"]}}],"collection":[{"href":"https:\/\/info-n.com\/tn\/wp-json\/wp\/v2\/product"}],"about":[{"href":"https:\/\/info-n.com\/tn\/wp-json\/wp\/v2\/types\/product"}],"wp:featuredmedia":[{"embeddable":true,"href":"https:\/\/info-n.com\/tn\/wp-json\/wp\/v2\/media\/2376"}],"wp:attachment":[{"href":"https:\/\/info-n.com\/tn\/wp-json\/wp\/v2\/media?parent=2636"}],"wp:term":[{"taxonomy":"product_brand","embeddable":true,"href":"https:\/\/info-n.com\/tn\/wp-json\/wp\/v2\/product_brand?post=2636"},{"taxonomy":"product_cat","embeddable":true,"href":"https:\/\/info-n.com\/tn\/wp-json\/wp\/v2\/product_cat?post=2636"},{"taxonomy":"product_tag","embeddable":true,"href":"https:\/\/info-n.com\/tn\/wp-json\/wp\/v2\/product_tag?post=2636"}],"curies":[{"name":"wp","href":"https:\/\/api.w.org\/{rel}","templated":true}]}}