{"id":2638,"date":"2026-03-21T12:02:30","date_gmt":"2026-03-21T11:02:30","guid":{"rendered":"https:\/\/info-n.com\/?post_type=product&#038;p=2638"},"modified":"2026-04-14T11:24:13","modified_gmt":"2026-04-14T10:24:13","slug":"cable-v3-usb-15m","status":"publish","type":"product","link":"https:\/\/info-n.com\/tn\/shop\/cable-v3-usb-15m\/","title":{"rendered":"Cable V3 USB 1,5M"},"content":{"rendered":"<p>C\u00e2ble USB de Charge pour Manette PS3, 1.5m, connexion fiable pour manette playstation 3, charge et synchronisation.<br \/>\nConnecteur : USB Type A m\u00e2le vers Mini-USB m\u00e2le &#8211; Longueur : 1,5 m\u00e8tre &#8211; Fonction : Charge de la manette, synchronisation des commandes, jeu filaire &#8211; Compatibilit\u00e9 : Sony PlayStation 3, DualShock 3, SixAxis, manettes tierces compatibles PS3 &#8211; Mat\u00e9riau : Gaine PVC souple &#8211; Installation : Plug &#038; Play, reconnaissance automatique par la console PS3<\/p>\n","protected":false},"excerpt":{"rendered":"<p>C\u00e2ble USB de Charge pour Manette PS3, 1.5m, connexion fiable pour manette playstation 3, charge et synchronisation.<\/p>\n","protected":false},"featured_media":2323,"template":"","meta":[],"product_brand":[],"product_cat":[700,713],"product_tag":[149,164,165,1909,655,663,664],"class_list":{"0":"post-2638","1":"product","2":"type-product","3":"status-publish","4":"has-post-thumbnail","6":"product_cat-cables-usb","7":"product_cat-gaming","8":"product_tag-cable-playstation","9":"product_tag-cable-v3","10":"product_tag-cable-v3-usb","11":"product_tag-tunisie","12":"product_tag-usb","13":"product_tag-v3","14":"product_tag-v3-usb","16":"first","17":"instock","18":"sale","19":"taxable","20":"shipping-taxable","21":"purchasable","22":"product-type-simple"},"aioseo_notices":[],"_links":{"self":[{"href":"https:\/\/info-n.com\/tn\/wp-json\/wp\/v2\/product\/2638","targetHints":{"allow":["GET"]}}],"collection":[{"href":"https:\/\/info-n.com\/tn\/wp-json\/wp\/v2\/product"}],"about":[{"href":"https:\/\/info-n.com\/tn\/wp-json\/wp\/v2\/types\/product"}],"wp:featuredmedia":[{"embeddable":true,"href":"https:\/\/info-n.com\/tn\/wp-json\/wp\/v2\/media\/2323"}],"wp:attachment":[{"href":"https:\/\/info-n.com\/tn\/wp-json\/wp\/v2\/media?parent=2638"}],"wp:term":[{"taxonomy":"product_brand","embeddable":true,"href":"https:\/\/info-n.com\/tn\/wp-json\/wp\/v2\/product_brand?post=2638"},{"taxonomy":"product_cat","embeddable":true,"href":"https:\/\/info-n.com\/tn\/wp-json\/wp\/v2\/product_cat?post=2638"},{"taxonomy":"product_tag","embeddable":true,"href":"https:\/\/info-n.com\/tn\/wp-json\/wp\/v2\/product_tag?post=2638"}],"curies":[{"name":"wp","href":"https:\/\/api.w.org\/{rel}","templated":true}]}}