{"id":2639,"date":"2026-03-21T12:03:53","date_gmt":"2026-03-21T11:03:53","guid":{"rendered":"https:\/\/info-n.com\/?post_type=product&#038;p=2639"},"modified":"2026-04-14T11:10:35","modified_gmt":"2026-04-14T10:10:35","slug":"cable-rallonge-usb-male-vers-male-1m","status":"publish","type":"product","link":"https:\/\/info-n.com\/tn\/shop\/cable-rallonge-usb-male-vers-male-1m\/","title":{"rendered":"Cable Rallonge USB M\u00e2le Vers M\u00e2le 1M"},"content":{"rendered":"<p>Cable Rallonge USB M\u00e2le Vers M\u00e2le est un liaison pour \u00e9tendre la port\u00e9e de vos appareils USB existants. Le choix du c\u00e2ble d\u00e9pend de vos besoins en mati\u00e8re de vitesse de transfert et de compatibilit\u00e9..<\/p>\n","protected":false},"excerpt":{"rendered":"<p>Cable Rallonge USB M\u00e2le Vers M\u00e2le est un liaison pour \u00e9tendre la port\u00e9e de vos appareils USB existants. Le choix du c\u00e2ble d\u00e9pend de vos besoins en mati\u00e8re de vitesse de transfert et de compatibilit\u00e9..<\/p>\n","protected":false},"featured_media":2321,"template":"","meta":[],"product_brand":[],"product_cat":[700],"product_tag":[126,152,163,515,1909,655],"class_list":{"0":"post-2639","1":"product","2":"type-product","3":"status-publish","4":"has-post-thumbnail","6":"product_cat-cables-usb","7":"product_tag-cable","8":"product_tag-cable-rallonge-usb","9":"product_tag-cable-usb","10":"product_tag-rallonge","11":"product_tag-tunisie","12":"product_tag-usb","14":"first","15":"instock","16":"sale","17":"taxable","18":"shipping-taxable","19":"purchasable","20":"product-type-simple"},"aioseo_notices":[],"_links":{"self":[{"href":"https:\/\/info-n.com\/tn\/wp-json\/wp\/v2\/product\/2639","targetHints":{"allow":["GET"]}}],"collection":[{"href":"https:\/\/info-n.com\/tn\/wp-json\/wp\/v2\/product"}],"about":[{"href":"https:\/\/info-n.com\/tn\/wp-json\/wp\/v2\/types\/product"}],"wp:featuredmedia":[{"embeddable":true,"href":"https:\/\/info-n.com\/tn\/wp-json\/wp\/v2\/media\/2321"}],"wp:attachment":[{"href":"https:\/\/info-n.com\/tn\/wp-json\/wp\/v2\/media?parent=2639"}],"wp:term":[{"taxonomy":"product_brand","embeddable":true,"href":"https:\/\/info-n.com\/tn\/wp-json\/wp\/v2\/product_brand?post=2639"},{"taxonomy":"product_cat","embeddable":true,"href":"https:\/\/info-n.com\/tn\/wp-json\/wp\/v2\/product_cat?post=2639"},{"taxonomy":"product_tag","embeddable":true,"href":"https:\/\/info-n.com\/tn\/wp-json\/wp\/v2\/product_tag?post=2639"}],"curies":[{"name":"wp","href":"https:\/\/api.w.org\/{rel}","templated":true}]}}