{"id":2641,"date":"2026-03-21T12:06:19","date_gmt":"2026-03-21T11:06:19","guid":{"rendered":"https:\/\/info-n.com\/?post_type=product&#038;p=2641"},"modified":"2026-04-14T11:10:35","modified_gmt":"2026-04-14T10:10:35","slug":"cable-rallonge-usb-male-vers-femelle-3m","status":"publish","type":"product","link":"https:\/\/info-n.com\/tn\/shop\/cable-rallonge-usb-male-vers-femelle-3m\/","title":{"rendered":"Cable Rallonge USB M\u00e2le vers Femelle  3M"},"content":{"rendered":"<p>Cable Rallonge USB M\u00e2le Vers Femelle est un liaison pour \u00e9tendre la port\u00e9e de vos appareils USB existants. Le choix du c\u00e2ble d\u00e9pend de vos besoins en mati\u00e8re de vitesse de transfert et de compatibilit\u00e9..<\/p>\n","protected":false},"excerpt":{"rendered":"<p>Cable Rallonge USB M\u00e2le Vers Femelle est un liaison pour \u00e9tendre la port\u00e9e de vos appareils USB existants. Le choix du c\u00e2ble d\u00e9pend de vos besoins en mati\u00e8re de vitesse de transfert et de compatibilit\u00e9..<\/p>\n","protected":false},"featured_media":2320,"template":"","meta":[],"product_brand":[],"product_cat":[700],"product_tag":[126,151,152,163,515,1909,655],"class_list":{"0":"post-2641","1":"product","2":"type-product","3":"status-publish","4":"has-post-thumbnail","6":"product_cat-cables-usb","7":"product_tag-cable","8":"product_tag-cable-rallonge","9":"product_tag-cable-rallonge-usb","10":"product_tag-cable-usb","11":"product_tag-rallonge","12":"product_tag-tunisie","13":"product_tag-usb","15":"first","16":"instock","17":"sale","18":"taxable","19":"shipping-taxable","20":"purchasable","21":"product-type-simple"},"aioseo_notices":[],"_links":{"self":[{"href":"https:\/\/info-n.com\/tn\/wp-json\/wp\/v2\/product\/2641","targetHints":{"allow":["GET"]}}],"collection":[{"href":"https:\/\/info-n.com\/tn\/wp-json\/wp\/v2\/product"}],"about":[{"href":"https:\/\/info-n.com\/tn\/wp-json\/wp\/v2\/types\/product"}],"wp:featuredmedia":[{"embeddable":true,"href":"https:\/\/info-n.com\/tn\/wp-json\/wp\/v2\/media\/2320"}],"wp:attachment":[{"href":"https:\/\/info-n.com\/tn\/wp-json\/wp\/v2\/media?parent=2641"}],"wp:term":[{"taxonomy":"product_brand","embeddable":true,"href":"https:\/\/info-n.com\/tn\/wp-json\/wp\/v2\/product_brand?post=2641"},{"taxonomy":"product_cat","embeddable":true,"href":"https:\/\/info-n.com\/tn\/wp-json\/wp\/v2\/product_cat?post=2641"},{"taxonomy":"product_tag","embeddable":true,"href":"https:\/\/info-n.com\/tn\/wp-json\/wp\/v2\/product_tag?post=2641"}],"curies":[{"name":"wp","href":"https:\/\/api.w.org\/{rel}","templated":true}]}}