{"id":2644,"date":"2026-03-21T12:13:56","date_gmt":"2026-03-21T11:13:56","guid":{"rendered":"https:\/\/info-n.com\/?post_type=product&#038;p=2644"},"modified":"2026-04-14T10:02:20","modified_gmt":"2026-04-14T09:02:20","slug":"boitier-externe-pour-disque-dur-sata-de-25-noir","status":"publish","type":"product","link":"https:\/\/info-n.com\/tn\/shop\/boitier-externe-pour-disque-dur-sata-de-25-noir\/","title":{"rendered":"Bo\u00eetier externe pour disque dur SATA de 2,5&Prime; &#8211; Noir"},"content":{"rendered":"<p>Compatibilit\u00e9 : HDD\/SSD SATA 2,5&Prime; &#8211; Transfert de donn\u00e9es : Jusqu&rsquo;\u00e0 480Mbps &#8211; Interface : USB (Plug &#038; Play) &#8211; Mat\u00e9riau : Plastique l\u00e9ger &#8211; Alimentation : Auto-aliment\u00e9 via USB &#8211; Indicateur : T\u00e9moin LED &#8211; Usage : Sauvegarde et stockage externe.<\/p>\n","protected":false},"excerpt":{"rendered":"<p>Bo\u00eetier externe pour disque dur SATA de 2,5 pouces est un accessoire con\u00e7u pour transformer un disque dur d&rsquo;ordinateur portable interne en disque dur externe portable &#8211; Vitesse de transfert de donn\u00e9es Jusqu&rsquo;\u00e0 480Mbps.<\/p>\n","protected":false},"featured_media":2295,"template":"","meta":[],"product_brand":[],"product_cat":[690],"product_tag":[117,118,119,249,288,546,1909],"class_list":{"0":"post-2644","1":"product","2":"type-product","3":"status-publish","4":"has-post-thumbnail","6":"product_cat-idivers","7":"product_tag-boitier","8":"product_tag-boitier-externe","9":"product_tag-boitier-externe-pour-disque-dur","10":"product_tag-disque-dur","11":"product_tag-externe","12":"product_tag-sata","13":"product_tag-tunisie","15":"first","16":"instock","17":"sale","18":"taxable","19":"shipping-taxable","20":"purchasable","21":"product-type-simple"},"aioseo_notices":[],"_links":{"self":[{"href":"https:\/\/info-n.com\/tn\/wp-json\/wp\/v2\/product\/2644","targetHints":{"allow":["GET"]}}],"collection":[{"href":"https:\/\/info-n.com\/tn\/wp-json\/wp\/v2\/product"}],"about":[{"href":"https:\/\/info-n.com\/tn\/wp-json\/wp\/v2\/types\/product"}],"wp:featuredmedia":[{"embeddable":true,"href":"https:\/\/info-n.com\/tn\/wp-json\/wp\/v2\/media\/2295"}],"wp:attachment":[{"href":"https:\/\/info-n.com\/tn\/wp-json\/wp\/v2\/media?parent=2644"}],"wp:term":[{"taxonomy":"product_brand","embeddable":true,"href":"https:\/\/info-n.com\/tn\/wp-json\/wp\/v2\/product_brand?post=2644"},{"taxonomy":"product_cat","embeddable":true,"href":"https:\/\/info-n.com\/tn\/wp-json\/wp\/v2\/product_cat?post=2644"},{"taxonomy":"product_tag","embeddable":true,"href":"https:\/\/info-n.com\/tn\/wp-json\/wp\/v2\/product_tag?post=2644"}],"curies":[{"name":"wp","href":"https:\/\/api.w.org\/{rel}","templated":true}]}}