{"id":2645,"date":"2026-03-21T12:18:20","date_gmt":"2026-03-21T11:18:20","guid":{"rendered":"https:\/\/info-n.com\/?post_type=product&#038;p=2645"},"modified":"2026-04-14T09:58:12","modified_gmt":"2026-04-14T08:58:12","slug":"adaptateur-type-c-vers-jack","status":"publish","type":"product","link":"https:\/\/info-n.com\/tn\/shop\/adaptateur-type-c-vers-jack\/","title":{"rendered":"Adaptateur Type-C vers Jack"},"content":{"rendered":"<p>Adaptateur Jack vers Type-C &#8211; Permet de connecter des \u00e9couteurs ou casques filaires avec une prise jack 3.5 \u00e0 des appareils d\u00e9pourvus de cette prise mais \u00e9quip\u00e9s d&rsquo;un port USB-C<\/p>\n","protected":false},"excerpt":{"rendered":"<p>Adaptateur Jack vers Type-C &#8211; Permet de connecter des \u00e9couteurs ou casques filaires avec une prise jack 3.5 \u00e0 des appareils d\u00e9pourvus de cette prise mais \u00e9quip\u00e9s d&rsquo;un port USB-C<\/p>\n","protected":false},"featured_media":2293,"template":"","meta":[],"product_brand":[],"product_cat":[694,719],"product_tag":[78,80,81,105,242,243,352,1909,646,659,1813],"class_list":{"0":"post-2645","1":"product","2":"type-product","3":"status-publish","4":"has-post-thumbnail","6":"product_cat-adaptateur-convertisseur","7":"product_cat-otg-adaptateur","8":"product_tag-adaptateur","9":"product_tag-adaptateur-jack","10":"product_tag-adaptateur-type-c","11":"product_tag-aux","12":"product_tag-converter","13":"product_tag-convertisseur","14":"product_tag-jack","15":"product_tag-tunisie","16":"product_tag-type-c","17":"product_tag-usb-c","18":"product_tag-1813","20":"first","21":"instock","22":"sale","23":"taxable","24":"shipping-taxable","25":"purchasable","26":"product-type-simple"},"aioseo_notices":[],"_links":{"self":[{"href":"https:\/\/info-n.com\/tn\/wp-json\/wp\/v2\/product\/2645","targetHints":{"allow":["GET"]}}],"collection":[{"href":"https:\/\/info-n.com\/tn\/wp-json\/wp\/v2\/product"}],"about":[{"href":"https:\/\/info-n.com\/tn\/wp-json\/wp\/v2\/types\/product"}],"wp:featuredmedia":[{"embeddable":true,"href":"https:\/\/info-n.com\/tn\/wp-json\/wp\/v2\/media\/2293"}],"wp:attachment":[{"href":"https:\/\/info-n.com\/tn\/wp-json\/wp\/v2\/media?parent=2645"}],"wp:term":[{"taxonomy":"product_brand","embeddable":true,"href":"https:\/\/info-n.com\/tn\/wp-json\/wp\/v2\/product_brand?post=2645"},{"taxonomy":"product_cat","embeddable":true,"href":"https:\/\/info-n.com\/tn\/wp-json\/wp\/v2\/product_cat?post=2645"},{"taxonomy":"product_tag","embeddable":true,"href":"https:\/\/info-n.com\/tn\/wp-json\/wp\/v2\/product_tag?post=2645"}],"curies":[{"name":"wp","href":"https:\/\/api.w.org\/{rel}","templated":true}]}}