{"id":2646,"date":"2026-03-21T12:21:01","date_gmt":"2026-03-21T11:21:01","guid":{"rendered":"https:\/\/info-n.com\/?post_type=product&#038;p=2646"},"modified":"2026-04-14T09:44:50","modified_gmt":"2026-04-14T08:44:50","slug":"adaptateur-otg-type-c-vers-micro-usb","status":"publish","type":"product","link":"https:\/\/info-n.com\/tn\/shop\/adaptateur-otg-type-c-vers-micro-usb\/","title":{"rendered":"Adaptateur OTG Type-C vers Micro USB"},"content":{"rendered":"<p>Adaptateur OTG Micro USB Vers Type-C &#8211; Permet de connecter des c\u00e2bles Micro USB \u00e0 des appareils r\u00e9cents \u00e9quip\u00e9s d&rsquo;un port USB-C pour la charge ou le transfert de donn\u00e9es.<\/p>\n","protected":false},"excerpt":{"rendered":"<p>Adaptateur OTG Micro USB Vers Type-C &#8211; Permet de connecter des c\u00e2bles Micro USB \u00e0 des appareils r\u00e9cents \u00e9quip\u00e9s d&rsquo;un port USB-C pour la charge ou le transfert de donn\u00e9es.<\/p>\n","protected":false},"featured_media":2290,"template":"","meta":[],"product_brand":[],"product_cat":[719],"product_tag":[78,242,243,423,427,459,1909,646,655,659,1813],"class_list":{"0":"post-2646","1":"product","2":"type-product","3":"status-publish","4":"has-post-thumbnail","6":"product_cat-otg-adaptateur","7":"product_tag-adaptateur","8":"product_tag-converter","9":"product_tag-convertisseur","10":"product_tag-micro","11":"product_tag-micro-usb","12":"product_tag-otg","13":"product_tag-tunisie","14":"product_tag-type-c","15":"product_tag-usb","16":"product_tag-usb-c","17":"product_tag-1813","19":"first","20":"instock","21":"sale","22":"taxable","23":"shipping-taxable","24":"purchasable","25":"product-type-simple"},"aioseo_notices":[],"_links":{"self":[{"href":"https:\/\/info-n.com\/tn\/wp-json\/wp\/v2\/product\/2646","targetHints":{"allow":["GET"]}}],"collection":[{"href":"https:\/\/info-n.com\/tn\/wp-json\/wp\/v2\/product"}],"about":[{"href":"https:\/\/info-n.com\/tn\/wp-json\/wp\/v2\/types\/product"}],"wp:featuredmedia":[{"embeddable":true,"href":"https:\/\/info-n.com\/tn\/wp-json\/wp\/v2\/media\/2290"}],"wp:attachment":[{"href":"https:\/\/info-n.com\/tn\/wp-json\/wp\/v2\/media?parent=2646"}],"wp:term":[{"taxonomy":"product_brand","embeddable":true,"href":"https:\/\/info-n.com\/tn\/wp-json\/wp\/v2\/product_brand?post=2646"},{"taxonomy":"product_cat","embeddable":true,"href":"https:\/\/info-n.com\/tn\/wp-json\/wp\/v2\/product_cat?post=2646"},{"taxonomy":"product_tag","embeddable":true,"href":"https:\/\/info-n.com\/tn\/wp-json\/wp\/v2\/product_tag?post=2646"}],"curies":[{"name":"wp","href":"https:\/\/api.w.org\/{rel}","templated":true}]}}