{"id":2648,"date":"2026-03-21T12:26:03","date_gmt":"2026-03-21T11:26:03","guid":{"rendered":"https:\/\/info-n.com\/?post_type=product&#038;p=2648"},"modified":"2026-04-15T17:00:56","modified_gmt":"2026-04-15T16:00:56","slug":"microphone-filaire-lavalier-jbc-051-type-c","status":"publish","type":"product","link":"https:\/\/info-n.com\/tn\/shop\/microphone-filaire-lavalier-jbc-051-type-c\/","title":{"rendered":"Microphone filaire LAVALIER JBC-051 Type-C"},"content":{"rendered":"<p>Microphone filaire LAVALIER JBC-051 Type-C &#8211; Microphone cravate omnidirectionnel &#8211; Connectique USB Type-C &#8211; R\u00e9ponse en fr\u00e9quence 20Hz-16kHz &#8211; Sensibilit\u00e9 -30dB +\/-2dB &#8211; Rapport signal\/bruit &gt;58dB &#8211; Longueur de c\u00e2ble env. 1,5m &#8211; Plug &amp; Play (Smartphone\/Tablette).<\/p>\n","protected":false},"excerpt":{"rendered":"<p>Microphone filaire LAVALIER JBC-051 Type-C &#8211; Microphone cravate omnidirectionnel &#8211; Connectique USB Type-C &#8211; R\u00e9ponse en fr\u00e9quence 20Hz-16kHz &#8211; Sensibilit\u00e9 -30dB +\/-2dB &#8211; Rapport signal\/bruit &gt;58dB &#8211; Longueur de c\u00e2ble env. 1,5m &#8211; Plug &amp; Play (Smartphone\/Tablette).<\/p>\n","protected":false},"featured_media":2476,"template":"","meta":[],"product_brand":[],"product_cat":[689,718],"product_tag":[1701,1705,1706,381,1704,1697,431,1699,1698,433,1708,1709,437,1700,1703,1909,646,1707,1702,1711,1710,1714,1712,1713,1715],"class_list":{"0":"post-2648","1":"product","2":"type-product","3":"status-publish","4":"has-post-thumbnail","6":"product_cat-pdivers","7":"product_cat-microphone","8":"product_tag-audio-mic","9":"product_tag-condenser-microphone","10":"product_tag-dynamic-microphone","11":"product_tag-lavalier","12":"product_tag-lavalier-microphone","13":"product_tag-mic","14":"product_tag-microphone","15":"product_tag-microphone-audio","16":"product_tag-microphone-device","17":"product_tag-microphone-filaire","18":"product_tag-microphone-for-recording","19":"product_tag-microphone-for-streaming","20":"product_tag-microphone-type-c","21":"product_tag-sound-microphone","22":"product_tag-studio-microphone","23":"product_tag-tunisie","24":"product_tag-type-c","25":"product_tag-usb-microphone","26":"product_tag-wireless-microphone","27":"product_tag-1711","28":"product_tag-1710","29":"product_tag-1714","30":"product_tag-1712","31":"product_tag-1713","32":"product_tag-1715","34":"first","35":"instock","36":"taxable","37":"shipping-taxable","38":"purchasable","39":"product-type-simple"},"aioseo_notices":[],"_links":{"self":[{"href":"https:\/\/info-n.com\/tn\/wp-json\/wp\/v2\/product\/2648","targetHints":{"allow":["GET"]}}],"collection":[{"href":"https:\/\/info-n.com\/tn\/wp-json\/wp\/v2\/product"}],"about":[{"href":"https:\/\/info-n.com\/tn\/wp-json\/wp\/v2\/types\/product"}],"wp:featuredmedia":[{"embeddable":true,"href":"https:\/\/info-n.com\/tn\/wp-json\/wp\/v2\/media\/2476"}],"wp:attachment":[{"href":"https:\/\/info-n.com\/tn\/wp-json\/wp\/v2\/media?parent=2648"}],"wp:term":[{"taxonomy":"product_brand","embeddable":true,"href":"https:\/\/info-n.com\/tn\/wp-json\/wp\/v2\/product_brand?post=2648"},{"taxonomy":"product_cat","embeddable":true,"href":"https:\/\/info-n.com\/tn\/wp-json\/wp\/v2\/product_cat?post=2648"},{"taxonomy":"product_tag","embeddable":true,"href":"https:\/\/info-n.com\/tn\/wp-json\/wp\/v2\/product_tag?post=2648"}],"curies":[{"name":"wp","href":"https:\/\/api.w.org\/{rel}","templated":true}]}}