{"id":2649,"date":"2026-03-21T12:27:16","date_gmt":"2026-03-21T11:27:16","guid":{"rendered":"https:\/\/info-n.com\/?post_type=product&#038;p=2649"},"modified":"2026-04-15T17:20:55","modified_gmt":"2026-04-15T16:20:55","slug":"microphone-filaire-lavalier-jbc-050-jack","status":"publish","type":"product","link":"https:\/\/info-n.com\/tn\/shop\/microphone-filaire-lavalier-jbc-050-jack\/","title":{"rendered":"Microphone filaire LAVALIER JBC-050 Jack"},"content":{"rendered":"<p>Microphone filaire LAVALIER JBC-050 Jack &#8211; Microphone cravate omnidirectionnel &#8211; Connectique Jack 3.5mm &#8211; R\u00e9ponse en fr\u00e9quence 20Hz-16kHz &#8211; Sensibilit\u00e9 -30dB +\/-2dB &#8211; Rapport signal\/bruit &gt;58dB &#8211; Longueur de c\u00e2ble env. 1,5m &#8211; Clip de fixation inclus.<\/p>\n","protected":false},"excerpt":{"rendered":"<p>Microphone filaire LAVALIER JBC-050 Jack<\/p>\n","protected":false},"featured_media":2475,"template":"","meta":[],"product_brand":[],"product_cat":[689,718],"product_tag":[1701,1705,1706,352,381,1704,1697,431,1699,1698,433,1708,1709,435,1700,1703,1909,1707,1702,1711,1710,1714,1712,1713,1715],"class_list":{"0":"post-2649","1":"product","2":"type-product","3":"status-publish","4":"has-post-thumbnail","6":"product_cat-pdivers","7":"product_cat-microphone","8":"product_tag-audio-mic","9":"product_tag-condenser-microphone","10":"product_tag-dynamic-microphone","11":"product_tag-jack","12":"product_tag-lavalier","13":"product_tag-lavalier-microphone","14":"product_tag-mic","15":"product_tag-microphone","16":"product_tag-microphone-audio","17":"product_tag-microphone-device","18":"product_tag-microphone-filaire","19":"product_tag-microphone-for-recording","20":"product_tag-microphone-for-streaming","21":"product_tag-microphone-jack","22":"product_tag-sound-microphone","23":"product_tag-studio-microphone","24":"product_tag-tunisie","25":"product_tag-usb-microphone","26":"product_tag-wireless-microphone","27":"product_tag-1711","28":"product_tag-1710","29":"product_tag-1714","30":"product_tag-1712","31":"product_tag-1713","32":"product_tag-1715","34":"first","35":"instock","36":"sale","37":"taxable","38":"shipping-taxable","39":"purchasable","40":"product-type-simple"},"aioseo_notices":[],"_links":{"self":[{"href":"https:\/\/info-n.com\/tn\/wp-json\/wp\/v2\/product\/2649","targetHints":{"allow":["GET"]}}],"collection":[{"href":"https:\/\/info-n.com\/tn\/wp-json\/wp\/v2\/product"}],"about":[{"href":"https:\/\/info-n.com\/tn\/wp-json\/wp\/v2\/types\/product"}],"wp:featuredmedia":[{"embeddable":true,"href":"https:\/\/info-n.com\/tn\/wp-json\/wp\/v2\/media\/2475"}],"wp:attachment":[{"href":"https:\/\/info-n.com\/tn\/wp-json\/wp\/v2\/media?parent=2649"}],"wp:term":[{"taxonomy":"product_brand","embeddable":true,"href":"https:\/\/info-n.com\/tn\/wp-json\/wp\/v2\/product_brand?post=2649"},{"taxonomy":"product_cat","embeddable":true,"href":"https:\/\/info-n.com\/tn\/wp-json\/wp\/v2\/product_cat?post=2649"},{"taxonomy":"product_tag","embeddable":true,"href":"https:\/\/info-n.com\/tn\/wp-json\/wp\/v2\/product_tag?post=2649"}],"curies":[{"name":"wp","href":"https:\/\/api.w.org\/{rel}","templated":true}]}}