{"id":2651,"date":"2026-03-21T12:28:46","date_gmt":"2026-03-21T11:28:46","guid":{"rendered":"https:\/\/info-n.com\/?post_type=product&#038;p=2651"},"modified":"2026-04-14T11:28:37","modified_gmt":"2026-04-14T10:28:37","slug":"cable-vga-vers-vga-5m","status":"publish","type":"product","link":"https:\/\/info-n.com\/tn\/shop\/cable-vga-vers-vga-5m\/","title":{"rendered":"Cable VGA vers VGA 5M"},"content":{"rendered":"<p>C\u00e2ble VGA vers VGA 5m, haute qualit\u00e9 vid\u00e9o, connexion fiable pour \u00e9cran, moniteur, projecteur et p\u00e9riph\u00e9riques vid\u00e9o.<br \/>\nConnecteur : VGA m\u00e2le vers VGA m\u00e2le &#8211; Longueur : 5 m\u00e8tres &#8211; R\u00e9solution : Jusqu&rsquo;\u00e0 1920&#215;1080 (Full HD) &#8211; Compatibilit\u00e9 : PC, moniteur, projecteur, \u00e9cran LCD\/LED &#8211; Installation : Plug &#038; Play &#8211; Usage : Transmission vid\u00e9o analogique, bureautique, pr\u00e9sentations<\/p>\n","protected":false},"excerpt":{"rendered":"<p>Cable VGA &#8211; Connecter son ordinateur fixe, son ordinateur portable, un vid\u00e9oprojecteur ou une console de jeux sur un \u00e9cran n\u00e9cessite l\u2019utilisation d\u2019un c\u00e2ble VGA. Il permet de transmettre le signal vid\u00e9o indispensable \u00e0 la r\u00e9ception de l\u2019image.<\/p>\n","protected":false},"featured_media":2324,"template":"","meta":[],"product_brand":[],"product_cat":[696],"product_tag":[126,166,167,1909,666],"class_list":{"0":"post-2651","1":"product","2":"type-product","3":"status-publish","4":"has-post-thumbnail","6":"product_cat-cable-audio-video","7":"product_tag-cable","8":"product_tag-cable-vga","9":"product_tag-cable-vga-vga","10":"product_tag-tunisie","11":"product_tag-vga","13":"first","14":"instock","15":"taxable","16":"shipping-taxable","17":"purchasable","18":"product-type-simple"},"aioseo_notices":[],"_links":{"self":[{"href":"https:\/\/info-n.com\/tn\/wp-json\/wp\/v2\/product\/2651","targetHints":{"allow":["GET"]}}],"collection":[{"href":"https:\/\/info-n.com\/tn\/wp-json\/wp\/v2\/product"}],"about":[{"href":"https:\/\/info-n.com\/tn\/wp-json\/wp\/v2\/types\/product"}],"wp:featuredmedia":[{"embeddable":true,"href":"https:\/\/info-n.com\/tn\/wp-json\/wp\/v2\/media\/2324"}],"wp:attachment":[{"href":"https:\/\/info-n.com\/tn\/wp-json\/wp\/v2\/media?parent=2651"}],"wp:term":[{"taxonomy":"product_brand","embeddable":true,"href":"https:\/\/info-n.com\/tn\/wp-json\/wp\/v2\/product_brand?post=2651"},{"taxonomy":"product_cat","embeddable":true,"href":"https:\/\/info-n.com\/tn\/wp-json\/wp\/v2\/product_cat?post=2651"},{"taxonomy":"product_tag","embeddable":true,"href":"https:\/\/info-n.com\/tn\/wp-json\/wp\/v2\/product_tag?post=2651"}],"curies":[{"name":"wp","href":"https:\/\/api.w.org\/{rel}","templated":true}]}}