{"id":2654,"date":"2026-03-21T12:33:29","date_gmt":"2026-03-21T11:33:29","guid":{"rendered":"https:\/\/info-n.com\/?post_type=product&#038;p=2654"},"modified":"2026-04-18T13:15:29","modified_gmt":"2026-04-18T12:15:29","slug":"radio-et-haut-parleur-sans-fil-meier-m-572bt-avec-horloge-bluetooth-cle-usb-micro-sd","status":"publish","type":"product","link":"https:\/\/info-n.com\/tn\/shop\/radio-et-haut-parleur-sans-fil-meier-m-572bt-avec-horloge-bluetooth-cle-usb-micro-sd\/","title":{"rendered":"Radio et Haut Parleur Sans Fil Rechargeable MEIER M-572BT avec Horloge"},"content":{"rendered":"<p>Radio et Haut Parleur Sans Fil Rechargeable MEIER M-572BT avec Horloge<\/p>\n<p>Radio portable multifonction &#8211; 3 bandes AM\/FM\/SW &#8211; Bluetooth &#8211; Lecteur MP3 &#8211; Carte TF &#8211; Port USB &#8211; Entr\u00e9e AUX &#8211; Batterie lithium 18650 (1200 mAh) rechargeable &#8211; Chargeur USB &#8211; Haut-parleurs int\u00e9gr\u00e9s &#8211; Horloge quartz &#8211; Usage int\u00e9rieur\/ext\u00e9rieur &#8211; Clouleur Noir<\/p>\n","protected":false},"excerpt":{"rendered":"<p>Le MEIER M-572BT est un une radio FM\/AM\/SW et une enceinte Bluetooth rechargeable, un lecteur MP3 et une horloge analogique en fa\u00e7ade pour un style r\u00e9tro fonctionnel.<\/p>\n","protected":false},"featured_media":2480,"template":"","meta":[],"product_brand":[419],"product_cat":[297,715,722],"product_tag":[1726,1684,1582,1313,116,1718,1540,171,233,271,272,1314,1302,1687,310,311,316,317,320,1683,1669,1672,1677,1675,1695,1680,1583,420,430,452,1721,1690,1729,1686,1694,1688,1720,1542,499,504,1725,505,506,507,508,509,1731,510,1728,762,511,513,514,1716,545,37,581,1732,1315,582,1909,1692,1723,1541,1584,1722,1719,1733,1727,1717,1724,1549,1730,1693,1574,1511,1509,1691,1514,1689,1590,1685,1696],"class_list":{"0":"post-2654","1":"product","2":"type-product","3":"status-publish","4":"has-post-thumbnail","6":"product_brand-meier","7":"product_cat-promo","8":"product_cat-haut-parleur-sans-fil","9":"product_cat-radio","10":"product_tag-audio-radio","11":"product_tag-audio-speaker","12":"product_tag-autonomie-longue-duree","13":"product_tag-baffle","14":"product_tag-bluetooth","15":"product_tag-bluetooth-radio","16":"product_tag-bluetooth-speaker","17":"product_tag-carte-memoire","18":"product_tag-cle-usb","19":"product_tag-enceinte","20":"product_tag-enceinte-bluetooth","21":"product_tag-enceinte-rechargeable","22":"product_tag-enceinte-sans-fil","23":"product_tag-gaming-speaker","24":"product_tag-haut-parleur","25":"product_tag-haut-parleur-bluetooth","26":"product_tag-haut-parleur-portable","27":"product_tag-haut-parleur-rechargeable","28":"product_tag-haut-parleur-sans-fil","29":"product_tag-haut-parleur-audio","30":"product_tag-haut-parleur-bureau","31":"product_tag-haut-parleur-gaming","32":"product_tag-haut-parleur-multimedia","33":"product_tag-haut-parleur-musique","34":"product_tag-haut-parleur-reduction-de-bruit","35":"product_tag-haut-parleur-usb","36":"product_tag-long-battery-life","37":"product_tag-meier","38":"product_tag-micro-sd","39":"product_tag-mp3","40":"product_tag-mp3-radio","41":"product_tag-multimedia-speaker","42":"product_tag-music-radio","43":"product_tag-music-speaker","44":"product_tag-noise-cancelling-speaker","45":"product_tag-office-speaker","46":"product_tag-portable-radio","47":"product_tag-portable-speaker","48":"product_tag-promotion","49":"product_tag-radio","50":"product_tag-radio-audio","51":"product_tag-radio-bluetooth","52":"product_tag-radio-bt","53":"product_tag-radio-carte-memoire","54":"product_tag-radio-cle-usb","55":"product_tag-radio-fm","56":"product_tag-radio-haut-parleur","57":"product_tag-radio-mp3","58":"product_tag-radio-musique","59":"product_tag-radio-portable","60":"product_tag-radio-rechargeable","61":"product_tag-radio-sans-fil","62":"product_tag-radio-usb","63":"product_tag-rechargeable-radio","64":"product_tag-sans-fil","65":"product_tag-speaker","66":"product_tag-speaker-bluetooth","67":"product_tag-speaker-radio","68":"product_tag-speaker-rechargeable","69":"product_tag-speaker-sans-fil","70":"product_tag-tunisie","71":"product_tag-usb-speaker","72":"product_tag-wireless-radio","73":"product_tag-wireless-speaker","74":"product_tag-1584","75":"product_tag-1722","76":"product_tag-1719","77":"product_tag-1733","78":"product_tag-1727","79":"product_tag-1717","80":"product_tag-1724","81":"product_tag-1549","82":"product_tag-1730","83":"product_tag--usb","84":"product_tag-1574","85":"product_tag-1511","86":"product_tag-1509","87":"product_tag-1691","88":"product_tag-1514","89":"product_tag-1689","90":"product_tag-1590","91":"product_tag-1685","92":"product_tag-1696","94":"first","95":"instock","96":"sale","97":"featured","98":"taxable","99":"shipping-taxable","100":"purchasable","101":"product-type-simple"},"aioseo_notices":[],"_links":{"self":[{"href":"https:\/\/info-n.com\/tn\/wp-json\/wp\/v2\/product\/2654","targetHints":{"allow":["GET"]}}],"collection":[{"href":"https:\/\/info-n.com\/tn\/wp-json\/wp\/v2\/product"}],"about":[{"href":"https:\/\/info-n.com\/tn\/wp-json\/wp\/v2\/types\/product"}],"wp:featuredmedia":[{"embeddable":true,"href":"https:\/\/info-n.com\/tn\/wp-json\/wp\/v2\/media\/2480"}],"wp:attachment":[{"href":"https:\/\/info-n.com\/tn\/wp-json\/wp\/v2\/media?parent=2654"}],"wp:term":[{"taxonomy":"product_brand","embeddable":true,"href":"https:\/\/info-n.com\/tn\/wp-json\/wp\/v2\/product_brand?post=2654"},{"taxonomy":"product_cat","embeddable":true,"href":"https:\/\/info-n.com\/tn\/wp-json\/wp\/v2\/product_cat?post=2654"},{"taxonomy":"product_tag","embeddable":true,"href":"https:\/\/info-n.com\/tn\/wp-json\/wp\/v2\/product_tag?post=2654"}],"curies":[{"name":"wp","href":"https:\/\/api.w.org\/{rel}","templated":true}]}}