{"id":2657,"date":"2026-03-21T12:37:24","date_gmt":"2026-03-21T11:37:24","guid":{"rendered":"https:\/\/info-n.com\/?post_type=product&#038;p=2657"},"modified":"2026-04-18T13:21:10","modified_gmt":"2026-04-18T12:21:10","slug":"repeteur-wifi-pix-link-lv-wr03-300-mbps","status":"publish","type":"product","link":"https:\/\/info-n.com\/tn\/shop\/repeteur-wifi-pix-link-lv-wr03-300-mbps\/","title":{"rendered":"R\u00e9p\u00e9teur Wifi PIX-LINK LV-WR03 300 Mbps"},"content":{"rendered":"<p>R\u00e9p\u00e9teur Wifi PIX-LINK LV-WR03 300 Mbps &#8211; Vitesse : 300 Mbps &#8211; Normes : IEEE 802.11b\/g\/n &#8211; Fr\u00e9quence : 2,4 GHz &#8211; Antenne : 2 dBi int\u00e9gr\u00e9e &#8211; Modes : R\u00e9p\u00e9teur, AP, Routeur &#8211; Port : 1 LAN\/WAN 10\/100 Mbps &#8211; S\u00e9curit\u00e9 : WEP, WPA\/WPA2-PSK &#8211; Installation : Bouton WPS &#8211; Alimentation : Prise secteur (240V) &#8211; Dimensions : 110 x 60 x 70 mm<\/p>\n","protected":false},"excerpt":{"rendered":"<p>Le r\u00e9p\u00e9teur Wifi PIX-LINK LV-WR03 300 Mbps est un amplificateur de port\u00e9e sans fil compact con\u00e7u pour \u00e9tendre la couverture de votre r\u00e9seau existant sur la bande de fr\u00e9quence 2,4 GHz.<\/p>\n","protected":false},"featured_media":2482,"template":"","meta":[],"product_brand":[481],"product_cat":[297,723],"product_tag":[1890,1893,480,482,486,499,524,525,526,1899,1896,1887,545,1897,1909,676,677,1891,1894,1888,1900,1892,1898,1901,1889,1895],"class_list":{"0":"post-2657","1":"product","2":"type-product","3":"status-publish","4":"has-post-thumbnail","6":"product_brand-pix-link","7":"product_cat-promo","8":"product_cat-repeteur-wi-fi","9":"product_tag-amplificateur-wifi","10":"product_tag-extension-wifi","11":"product_tag-pix","12":"product_tag-pix-link","13":"product_tag-point-dacces","14":"product_tag-promotion","15":"product_tag-repeter","16":"product_tag-repeter-wifi","17":"product_tag-repeteteur","18":"product_tag-repeteur-sans-fil","19":"product_tag-repeteur-signal","20":"product_tag-repeteur-wifi","21":"product_tag-sans-fil","22":"product_tag-signal-repeater","23":"product_tag-tunisie","24":"product_tag-wi-fi","25":"product_tag-wifi","26":"product_tag-wifi-booster","27":"product_tag-wifi-extender","28":"product_tag-wifi-repeater","29":"product_tag-wireless-repeater","30":"product_tag-1892","31":"product_tag-1898","32":"product_tag-1901","33":"product_tag-1889","34":"product_tag-1895","36":"first","37":"instock","38":"sale","39":"featured","40":"taxable","41":"shipping-taxable","42":"purchasable","43":"product-type-simple"},"aioseo_notices":[],"_links":{"self":[{"href":"https:\/\/info-n.com\/tn\/wp-json\/wp\/v2\/product\/2657","targetHints":{"allow":["GET"]}}],"collection":[{"href":"https:\/\/info-n.com\/tn\/wp-json\/wp\/v2\/product"}],"about":[{"href":"https:\/\/info-n.com\/tn\/wp-json\/wp\/v2\/types\/product"}],"wp:featuredmedia":[{"embeddable":true,"href":"https:\/\/info-n.com\/tn\/wp-json\/wp\/v2\/media\/2482"}],"wp:attachment":[{"href":"https:\/\/info-n.com\/tn\/wp-json\/wp\/v2\/media?parent=2657"}],"wp:term":[{"taxonomy":"product_brand","embeddable":true,"href":"https:\/\/info-n.com\/tn\/wp-json\/wp\/v2\/product_brand?post=2657"},{"taxonomy":"product_cat","embeddable":true,"href":"https:\/\/info-n.com\/tn\/wp-json\/wp\/v2\/product_cat?post=2657"},{"taxonomy":"product_tag","embeddable":true,"href":"https:\/\/info-n.com\/tn\/wp-json\/wp\/v2\/product_tag?post=2657"}],"curies":[{"name":"wp","href":"https:\/\/api.w.org\/{rel}","templated":true}]}}