{"id":2671,"date":"2026-03-21T15:50:56","date_gmt":"2026-03-21T14:50:56","guid":{"rendered":"https:\/\/info-n.com\/?post_type=product&#038;p=2671"},"modified":"2026-04-14T11:04:41","modified_gmt":"2026-04-14T10:04:41","slug":"cable-imprimante-usb-3m","status":"publish","type":"product","link":"https:\/\/info-n.com\/tn\/shop\/cable-imprimante-usb-3m\/","title":{"rendered":"Cable Imprimante USB 3M"},"content":{"rendered":"<p>C\u00e2ble d&rsquo;imprimante USB de 3 m\u00e8tres &#8211; id\u00e9al pour connecter votre imprimante \u00e0 un ordinateur.<br \/>\nConnecteur : USB-A vers USB-B &#8211; Longueur : 3 m\u00e8tres &#8211; D\u00e9bit : Haute vitesse &#8211; Fonction : Connexion et transfert de donn\u00e9es &#8211; Compatibilit\u00e9 : Imprimantes, scanners, p\u00e9riph\u00e9riques USB-B &#8211; Mat\u00e9riau : PVC blind\u00e9 renforc\u00e9<\/p>\n","protected":false},"excerpt":{"rendered":"<p>C\u00e2ble d&rsquo;imprimante USB de 3 m\u00e8tres &#8211; id\u00e9al pour connecter votre imprimante \u00e0 un ordinateur.<\/p>\n","protected":false},"featured_media":2670,"template":"","meta":[],"product_brand":[],"product_cat":[700],"product_tag":[138,339,1909,655,658],"class_list":{"0":"post-2671","1":"product","2":"type-product","3":"status-publish","4":"has-post-thumbnail","6":"product_cat-cables-usb","7":"product_tag-cable-imprimante","8":"product_tag-imprimante","9":"product_tag-tunisie","10":"product_tag-usb","11":"product_tag-usb-b","13":"first","14":"instock","15":"sale","16":"taxable","17":"shipping-taxable","18":"purchasable","19":"product-type-simple"},"aioseo_notices":[],"_links":{"self":[{"href":"https:\/\/info-n.com\/tn\/wp-json\/wp\/v2\/product\/2671","targetHints":{"allow":["GET"]}}],"collection":[{"href":"https:\/\/info-n.com\/tn\/wp-json\/wp\/v2\/product"}],"about":[{"href":"https:\/\/info-n.com\/tn\/wp-json\/wp\/v2\/types\/product"}],"wp:featuredmedia":[{"embeddable":true,"href":"https:\/\/info-n.com\/tn\/wp-json\/wp\/v2\/media\/2670"}],"wp:attachment":[{"href":"https:\/\/info-n.com\/tn\/wp-json\/wp\/v2\/media?parent=2671"}],"wp:term":[{"taxonomy":"product_brand","embeddable":true,"href":"https:\/\/info-n.com\/tn\/wp-json\/wp\/v2\/product_brand?post=2671"},{"taxonomy":"product_cat","embeddable":true,"href":"https:\/\/info-n.com\/tn\/wp-json\/wp\/v2\/product_cat?post=2671"},{"taxonomy":"product_tag","embeddable":true,"href":"https:\/\/info-n.com\/tn\/wp-json\/wp\/v2\/product_tag?post=2671"}],"curies":[{"name":"wp","href":"https:\/\/api.w.org\/{rel}","templated":true}]}}