{"id":2673,"date":"2026-03-21T15:54:24","date_gmt":"2026-03-21T14:54:24","guid":{"rendered":"https:\/\/info-n.com\/?post_type=product&#038;p=2673"},"modified":"2026-04-15T18:19:15","modified_gmt":"2026-04-15T17:19:15","slug":"refroidisseur-pour-pc-portable-sbox-cp-19","status":"publish","type":"product","link":"https:\/\/info-n.com\/tn\/shop\/refroidisseur-pour-pc-portable-sbox-cp-19\/","title":{"rendered":"Refroidisseur Pour PC Portable SBOX CP-19"},"content":{"rendered":"<p>Refroidisseur Pour PC Portable SBOX CP-19 &#8211; Vitesse : 1000 rpm &#8211; Flux d&rsquo;air : 47.35 CFM &#8211; Bruit : 21 dBA &#8211; Tension : 5V (USB) &#8211; Dimensions : 330 x 250 x 24 mm<\/p>\n","protected":false},"excerpt":{"rendered":"<p>Le SBOX CP-19 est un support de refroidissement USB pour ordinateurs portables, con\u00e7u pour des appareils jusqu&rsquo;\u00e0 15,6 pouces. Il est dot\u00e9 d&rsquo;un grand ventilateur et de deux angles d&rsquo;inclinaison pour une utilisation ergonomique.<\/p>\n","protected":false},"featured_media":2481,"template":"","meta":[],"product_brand":[547],"product_cat":[607],"product_tag":[521,522,523,548,595,608,1909],"class_list":{"0":"post-2673","1":"product","2":"type-product","3":"status-publish","4":"has-post-thumbnail","6":"product_brand-sbox","7":"product_cat-support-pc","8":"product_tag-refroidisseur","9":"product_tag-refroidisseur-pc","10":"product_tag-refroidisseur-pc-portable","11":"product_tag-sbox","12":"product_tag-support","13":"product_tag-support-pc","14":"product_tag-tunisie","16":"first","17":"instock","18":"taxable","19":"shipping-taxable","20":"purchasable","21":"product-type-simple"},"aioseo_notices":[],"_links":{"self":[{"href":"https:\/\/info-n.com\/tn\/wp-json\/wp\/v2\/product\/2673","targetHints":{"allow":["GET"]}}],"collection":[{"href":"https:\/\/info-n.com\/tn\/wp-json\/wp\/v2\/product"}],"about":[{"href":"https:\/\/info-n.com\/tn\/wp-json\/wp\/v2\/types\/product"}],"wp:featuredmedia":[{"embeddable":true,"href":"https:\/\/info-n.com\/tn\/wp-json\/wp\/v2\/media\/2481"}],"wp:attachment":[{"href":"https:\/\/info-n.com\/tn\/wp-json\/wp\/v2\/media?parent=2673"}],"wp:term":[{"taxonomy":"product_brand","embeddable":true,"href":"https:\/\/info-n.com\/tn\/wp-json\/wp\/v2\/product_brand?post=2673"},{"taxonomy":"product_cat","embeddable":true,"href":"https:\/\/info-n.com\/tn\/wp-json\/wp\/v2\/product_cat?post=2673"},{"taxonomy":"product_tag","embeddable":true,"href":"https:\/\/info-n.com\/tn\/wp-json\/wp\/v2\/product_tag?post=2673"}],"curies":[{"name":"wp","href":"https:\/\/api.w.org\/{rel}","templated":true}]}}