{"id":2674,"date":"2026-03-21T15:56:28","date_gmt":"2026-03-21T14:56:28","guid":{"rendered":"https:\/\/info-n.com\/?post_type=product&#038;p=2674"},"modified":"2026-04-18T13:15:29","modified_gmt":"2026-04-18T12:15:29","slug":"support-pour-pc-portable-pliable-en-aluminium","status":"publish","type":"product","link":"https:\/\/info-n.com\/tn\/shop\/support-pour-pc-portable-pliable-en-aluminium\/","title":{"rendered":"Support Pour PC Portable Pliable en Aluminium"},"content":{"rendered":"<p>Support Pour PC Portable Pliable en Aluminium &#8211; Mat\u00e9riau : Alliage d&rsquo;aluminium l\u00e9ger et durable &#8211; Capacit\u00e9 de charge : Jusqu&rsquo;\u00e0 15 kg &#8211; R\u00e9glages : 7 angles d&rsquo;ajustement pour un confort optimal &#8211; Dimensions compactes : 45 mm (L) x 240 mm (P) x 15 mm (H) &#8211; Portabilit\u00e9 : Pliable et l\u00e9ger (240 g) &#8211; Hauteur r\u00e9glable : De 55 \u00e0 155 mm &#8211; Largeur r\u00e9glable : De 0 \u00e0 165 mm &#8211; Profondeur r\u00e9glable : De 0 \u00e0 240 mm &#8211; Stabilit\u00e9 : Conception \u00e0 double axe renforc\u00e9e &#8211; Refroidissement : Dissipation thermique efficace via une structure ouverte &#8211; Protection : Patins en silicone antid\u00e9rapants<\/p>\n","protected":false},"excerpt":{"rendered":"<p>Le support Pour PC Portable Pliable en Aluminium est un accessoire ergonomique con\u00e7u pour sur\u00e9lever votre ordinateur portable, favorisant une meilleure posture et une ventilation optimale de l&rsquo;appareil.<\/p>\n","protected":false},"featured_media":2500,"template":"","meta":[],"product_brand":[],"product_cat":[297,607],"product_tag":[499,595,606,608,609,1909],"class_list":{"0":"post-2674","1":"product","2":"type-product","3":"status-publish","4":"has-post-thumbnail","6":"product_cat-promo","7":"product_cat-support-pc","8":"product_tag-promotion","9":"product_tag-support","10":"product_tag-support-ordinateur","11":"product_tag-support-pc","12":"product_tag-support-pc-portable","13":"product_tag-tunisie","15":"first","16":"instock","17":"sale","18":"featured","19":"taxable","20":"shipping-taxable","21":"purchasable","22":"product-type-simple"},"aioseo_notices":[],"_links":{"self":[{"href":"https:\/\/info-n.com\/tn\/wp-json\/wp\/v2\/product\/2674","targetHints":{"allow":["GET"]}}],"collection":[{"href":"https:\/\/info-n.com\/tn\/wp-json\/wp\/v2\/product"}],"about":[{"href":"https:\/\/info-n.com\/tn\/wp-json\/wp\/v2\/types\/product"}],"wp:featuredmedia":[{"embeddable":true,"href":"https:\/\/info-n.com\/tn\/wp-json\/wp\/v2\/media\/2500"}],"wp:attachment":[{"href":"https:\/\/info-n.com\/tn\/wp-json\/wp\/v2\/media?parent=2674"}],"wp:term":[{"taxonomy":"product_brand","embeddable":true,"href":"https:\/\/info-n.com\/tn\/wp-json\/wp\/v2\/product_brand?post=2674"},{"taxonomy":"product_cat","embeddable":true,"href":"https:\/\/info-n.com\/tn\/wp-json\/wp\/v2\/product_cat?post=2674"},{"taxonomy":"product_tag","embeddable":true,"href":"https:\/\/info-n.com\/tn\/wp-json\/wp\/v2\/product_tag?post=2674"}],"curies":[{"name":"wp","href":"https:\/\/api.w.org\/{rel}","templated":true}]}}