{"id":2675,"date":"2026-03-21T15:58:47","date_gmt":"2026-03-21T14:58:47","guid":{"rendered":"https:\/\/info-n.com\/?post_type=product&#038;p=2675"},"modified":"2026-04-15T16:42:50","modified_gmt":"2026-04-15T15:42:50","slug":"hub-usb-4-ports-usb-2-0","status":"publish","type":"product","link":"https:\/\/info-n.com\/tn\/shop\/hub-usb-4-ports-usb-2-0\/","title":{"rendered":"Hub USB 4 Ports USB 2.0"},"content":{"rendered":"<p>Hub USB 4 Ports USB 2.0 &#8211; 4 ports USB 2.0 haute vitesse &#8211; Vitesse jusqu&rsquo;\u00e0 480 Mbps &#8211; Plug &amp; Play (sans pilote) &#8211; Compatible p\u00e9riph\u00e9riques USB (clavier, souris, cl\u00e9 USB).<\/p>\n","protected":false},"excerpt":{"rendered":"<p>Hub USB 4 Ports USB 2.0<\/p>\n","protected":false},"featured_media":2459,"template":"","meta":[],"product_brand":[],"product_cat":[717],"product_tag":[1872,333,1875,335,454,1876,1909,655,1870,1873,1871,1877,1874],"class_list":{"0":"post-2675","1":"product","2":"type-product","3":"status-publish","4":"has-post-thumbnail","6":"product_cat-hub-usb","7":"product_tag-concentrateur-usb","8":"product_tag-hub","9":"product_tag-hub-multi-port","10":"product_tag-hub-usb","11":"product_tag-multi-usb","12":"product_tag-multi-port-usb-hub","13":"product_tag-tunisie","14":"product_tag-usb","15":"product_tag-usb-hub","16":"product_tag-usb-splitter","17":"product_tag--usb","18":"product_tag-1877","19":"product_tag---usb","21":"first","22":"instock","23":"taxable","24":"shipping-taxable","25":"purchasable","26":"product-type-simple"},"aioseo_notices":[],"_links":{"self":[{"href":"https:\/\/info-n.com\/tn\/wp-json\/wp\/v2\/product\/2675","targetHints":{"allow":["GET"]}}],"collection":[{"href":"https:\/\/info-n.com\/tn\/wp-json\/wp\/v2\/product"}],"about":[{"href":"https:\/\/info-n.com\/tn\/wp-json\/wp\/v2\/types\/product"}],"wp:featuredmedia":[{"embeddable":true,"href":"https:\/\/info-n.com\/tn\/wp-json\/wp\/v2\/media\/2459"}],"wp:attachment":[{"href":"https:\/\/info-n.com\/tn\/wp-json\/wp\/v2\/media?parent=2675"}],"wp:term":[{"taxonomy":"product_brand","embeddable":true,"href":"https:\/\/info-n.com\/tn\/wp-json\/wp\/v2\/product_brand?post=2675"},{"taxonomy":"product_cat","embeddable":true,"href":"https:\/\/info-n.com\/tn\/wp-json\/wp\/v2\/product_cat?post=2675"},{"taxonomy":"product_tag","embeddable":true,"href":"https:\/\/info-n.com\/tn\/wp-json\/wp\/v2\/product_tag?post=2675"}],"curies":[{"name":"wp","href":"https:\/\/api.w.org\/{rel}","templated":true}]}}