{"id":2676,"date":"2026-03-21T16:03:01","date_gmt":"2026-03-21T15:03:01","guid":{"rendered":"https:\/\/info-n.com\/?post_type=product&#038;p=2676"},"modified":"2026-04-15T16:43:41","modified_gmt":"2026-04-15T15:43:41","slug":"hub-usb-4-ports-usb-2-0-avec-interrupteur","status":"publish","type":"product","link":"https:\/\/info-n.com\/tn\/shop\/hub-usb-4-ports-usb-2-0-avec-interrupteur\/","title":{"rendered":"Hub USB 4 Ports USB 2.0 avec interrupteur"},"content":{"rendered":"<p>Hub USB 4 Ports USB 2.0 avec interrupteur &#8211; 4 ports USB 2.0 &#8211; Interrupteurs individuels par port &#8211; Vitesse 480 Mbps &#8211; Plug &amp; Play &#8211; Id\u00e9al pour cl\u00e9s USB, p\u00e9riph\u00e9riques<\/p>\n","protected":false},"excerpt":{"rendered":"<p>Hub USB 4 Ports USB 2.0 avec interrupteur<\/p>\n","protected":false},"featured_media":2458,"template":"","meta":[],"product_brand":[],"product_cat":[717],"product_tag":[1872,333,1875,335,454,1876,1909,655,1870,1873,1871,1877,1874],"class_list":{"0":"post-2676","1":"product","2":"type-product","3":"status-publish","4":"has-post-thumbnail","6":"product_cat-hub-usb","7":"product_tag-concentrateur-usb","8":"product_tag-hub","9":"product_tag-hub-multi-port","10":"product_tag-hub-usb","11":"product_tag-multi-usb","12":"product_tag-multi-port-usb-hub","13":"product_tag-tunisie","14":"product_tag-usb","15":"product_tag-usb-hub","16":"product_tag-usb-splitter","17":"product_tag--usb","18":"product_tag-1877","19":"product_tag---usb","21":"first","22":"instock","23":"sale","24":"taxable","25":"shipping-taxable","26":"purchasable","27":"product-type-simple"},"aioseo_notices":[],"_links":{"self":[{"href":"https:\/\/info-n.com\/tn\/wp-json\/wp\/v2\/product\/2676","targetHints":{"allow":["GET"]}}],"collection":[{"href":"https:\/\/info-n.com\/tn\/wp-json\/wp\/v2\/product"}],"about":[{"href":"https:\/\/info-n.com\/tn\/wp-json\/wp\/v2\/types\/product"}],"wp:featuredmedia":[{"embeddable":true,"href":"https:\/\/info-n.com\/tn\/wp-json\/wp\/v2\/media\/2458"}],"wp:attachment":[{"href":"https:\/\/info-n.com\/tn\/wp-json\/wp\/v2\/media?parent=2676"}],"wp:term":[{"taxonomy":"product_brand","embeddable":true,"href":"https:\/\/info-n.com\/tn\/wp-json\/wp\/v2\/product_brand?post=2676"},{"taxonomy":"product_cat","embeddable":true,"href":"https:\/\/info-n.com\/tn\/wp-json\/wp\/v2\/product_cat?post=2676"},{"taxonomy":"product_tag","embeddable":true,"href":"https:\/\/info-n.com\/tn\/wp-json\/wp\/v2\/product_tag?post=2676"}],"curies":[{"name":"wp","href":"https:\/\/api.w.org\/{rel}","templated":true}]}}