{"id":2677,"date":"2026-03-21T16:05:33","date_gmt":"2026-03-21T15:05:33","guid":{"rendered":"https:\/\/info-n.com\/?post_type=product&#038;p=2677"},"modified":"2026-04-16T12:03:13","modified_gmt":"2026-04-16T11:03:13","slug":"etiquette-clavier-francais-arabe-noir","status":"publish","type":"product","link":"https:\/\/info-n.com\/tn\/shop\/etiquette-clavier-francais-arabe-noir\/","title":{"rendered":"\u00c9tiquette Clavier Fran\u00e7ais-Arabe Noir"},"content":{"rendered":"<p>\u00c9tiquettes Azerty Fran\u00e7ais-Arabe Noir pour clavier, autocollants r\u00e9sistants et faciles \u00e0 poser. Id\u00e9al pour ajouter la saisie en arabe \u00e0 tout clavier Windows ou Mac.<\/p>\n","protected":false},"excerpt":{"rendered":"<p>\u00c9tiquettes Azerty Fran\u00e7ais-Arabe Noir pour clavier, autocollants r\u00e9sistants et faciles \u00e0 poser. Id\u00e9al pour ajouter la saisie en arabe \u00e0 tout clavier Windows ou Mac.<\/p>\n","protected":false},"featured_media":2445,"template":"","meta":[],"product_brand":[],"product_cat":[690,707],"product_tag":[99,104,212,215,1859,1860,284,285,286,589,590,591,640,1909,1861],"class_list":{"0":"post-2677","1":"product","2":"type-product","3":"status-publish","4":"has-post-thumbnail","6":"product_cat-idivers","7":"product_cat-clavier","8":"product_tag-arabe","9":"product_tag-autocollant","10":"product_tag-clavier","11":"product_tag-clavier-arabe","12":"product_tag-clavier-pc","13":"product_tag-computer-keyboard","14":"product_tag-etiquette","15":"product_tag-etiquette-arabe","16":"product_tag-etiquette-clavier","17":"product_tag-sticker","18":"product_tag-sticker-arabisee","19":"product_tag-sticker-clavier","20":"product_tag-tiquet","21":"product_tag-tunisie","22":"product_tag-1861","24":"first","25":"instock","26":"sale","27":"taxable","28":"shipping-taxable","29":"purchasable","30":"product-type-simple"},"aioseo_notices":[],"_links":{"self":[{"href":"https:\/\/info-n.com\/tn\/wp-json\/wp\/v2\/product\/2677","targetHints":{"allow":["GET"]}}],"collection":[{"href":"https:\/\/info-n.com\/tn\/wp-json\/wp\/v2\/product"}],"about":[{"href":"https:\/\/info-n.com\/tn\/wp-json\/wp\/v2\/types\/product"}],"wp:featuredmedia":[{"embeddable":true,"href":"https:\/\/info-n.com\/tn\/wp-json\/wp\/v2\/media\/2445"}],"wp:attachment":[{"href":"https:\/\/info-n.com\/tn\/wp-json\/wp\/v2\/media?parent=2677"}],"wp:term":[{"taxonomy":"product_brand","embeddable":true,"href":"https:\/\/info-n.com\/tn\/wp-json\/wp\/v2\/product_brand?post=2677"},{"taxonomy":"product_cat","embeddable":true,"href":"https:\/\/info-n.com\/tn\/wp-json\/wp\/v2\/product_cat?post=2677"},{"taxonomy":"product_tag","embeddable":true,"href":"https:\/\/info-n.com\/tn\/wp-json\/wp\/v2\/product_tag?post=2677"}],"curies":[{"name":"wp","href":"https:\/\/api.w.org\/{rel}","templated":true}]}}