{"id":2679,"date":"2026-03-21T16:10:34","date_gmt":"2026-03-21T15:10:34","guid":{"rendered":"https:\/\/info-n.com\/?post_type=product&#038;p=2679"},"modified":"2026-04-18T13:15:29","modified_gmt":"2026-04-18T12:15:29","slug":"tapis-de-souris-scorpion","status":"publish","type":"product","link":"https:\/\/info-n.com\/tn\/shop\/tapis-de-souris-scorpion\/","title":{"rendered":"Tapis De Souris SCORPION"},"content":{"rendered":"<p>Tapis de Souris &#8211; Mat\u00e9riaux : Caoutchouc naturel et tissu &#8211; Base : Anti-d\u00e9rapante &#8211; Compatibilit\u00e9 : Souris optique et laser &#8211; Couleur : Noir<\/p>\n","protected":false},"excerpt":{"rendered":"<p>Tapis de souris standard, id\u00e9al pour la bureautique.<\/p>\n","protected":false},"featured_media":2511,"template":"","meta":[],"product_brand":[551],"product_cat":[690,297,570],"product_tag":[1883,499,552,569,1886,1885,628,629,630,1909,1884],"class_list":{"0":"post-2679","1":"product","2":"type-product","3":"status-publish","4":"has-post-thumbnail","6":"product_brand-scorpion","7":"product_cat-idivers","8":"product_cat-promo","9":"product_cat-souris","10":"product_tag-computer-mouse","11":"product_tag-promotion","12":"product_tag-scorpion","13":"product_tag-souris","14":"product_tag-souris-phone","15":"product_tag-souris-smartphone","16":"product_tag-tapis","17":"product_tag-tapis-de-souris","18":"product_tag-tapis-souris","19":"product_tag-tunisie","20":"product_tag-1884","22":"first","23":"instock","24":"featured","25":"taxable","26":"shipping-taxable","27":"purchasable","28":"product-type-simple"},"aioseo_notices":[],"_links":{"self":[{"href":"https:\/\/info-n.com\/tn\/wp-json\/wp\/v2\/product\/2679","targetHints":{"allow":["GET"]}}],"collection":[{"href":"https:\/\/info-n.com\/tn\/wp-json\/wp\/v2\/product"}],"about":[{"href":"https:\/\/info-n.com\/tn\/wp-json\/wp\/v2\/types\/product"}],"wp:featuredmedia":[{"embeddable":true,"href":"https:\/\/info-n.com\/tn\/wp-json\/wp\/v2\/media\/2511"}],"wp:attachment":[{"href":"https:\/\/info-n.com\/tn\/wp-json\/wp\/v2\/media?parent=2679"}],"wp:term":[{"taxonomy":"product_brand","embeddable":true,"href":"https:\/\/info-n.com\/tn\/wp-json\/wp\/v2\/product_brand?post=2679"},{"taxonomy":"product_cat","embeddable":true,"href":"https:\/\/info-n.com\/tn\/wp-json\/wp\/v2\/product_cat?post=2679"},{"taxonomy":"product_tag","embeddable":true,"href":"https:\/\/info-n.com\/tn\/wp-json\/wp\/v2\/product_tag?post=2679"}],"curies":[{"name":"wp","href":"https:\/\/api.w.org\/{rel}","templated":true}]}}