{"id":2681,"date":"2026-03-21T16:20:06","date_gmt":"2026-03-21T15:20:06","guid":{"rendered":"https:\/\/info-n.com\/?post_type=product&#038;p=2681"},"modified":"2026-04-14T11:08:30","modified_gmt":"2026-04-14T10:08:30","slug":"cable-hdmi-vers-hdmi-4k-aoweixun-orvesion-hdtv-version-2-0-1-5m","status":"publish","type":"product","link":"https:\/\/info-n.com\/tn\/shop\/cable-hdmi-vers-hdmi-4k-aoweixun-orvesion-hdtv-version-2-0-1-5m\/","title":{"rendered":"Cable HDMI vers HDMI 4K AOWEIXUN ORVESION HDTV Version 2.0 1.5M"},"content":{"rendered":"<p>Cable HDMI vers HDMI 4K AOWEIXUN ORVESION HDTV Version 2.0 1.5M<br \/>\nConnecteur : HDMI vers HDMI &#8211; Longueur : 1,5 m\u00e8tre &#8211; Version : HDMI 2.0 Haute Vitesse &#8211; R\u00e9solution : 4K@60Hz, HDR, HDCP 2.2 &#8211; Fonction : Audio\/vid\u00e9o ultra HD, ARC, Ethernet int\u00e9gr\u00e9 &#8211; Compatibilit\u00e9 : HDTV, PS5, Xbox, Box TV, lecteur Blu-ray, PC<\/p>\n","protected":false},"excerpt":{"rendered":"<p>Cable HDMI vers HDMI 4K AOWEIXUN ORVESION HDTV Version 2.0 1.5M<\/p>\n","protected":false},"featured_media":2318,"template":"","meta":[],"product_brand":[],"product_cat":[696],"product_tag":[98,126,137,323,324,325,1909],"class_list":{"0":"post-2681","1":"product","2":"type-product","3":"status-publish","4":"has-post-thumbnail","6":"product_cat-cable-audio-video","7":"product_tag-aoweixun-orvesion","8":"product_tag-cable","9":"product_tag-cable-hdmi","10":"product_tag-hdmi","11":"product_tag-hdtv","12":"product_tag-high-speed-avec-ethernet","13":"product_tag-tunisie","15":"first","16":"instock","17":"taxable","18":"shipping-taxable","19":"purchasable","20":"product-type-simple"},"aioseo_notices":[],"_links":{"self":[{"href":"https:\/\/info-n.com\/tn\/wp-json\/wp\/v2\/product\/2681","targetHints":{"allow":["GET"]}}],"collection":[{"href":"https:\/\/info-n.com\/tn\/wp-json\/wp\/v2\/product"}],"about":[{"href":"https:\/\/info-n.com\/tn\/wp-json\/wp\/v2\/types\/product"}],"wp:featuredmedia":[{"embeddable":true,"href":"https:\/\/info-n.com\/tn\/wp-json\/wp\/v2\/media\/2318"}],"wp:attachment":[{"href":"https:\/\/info-n.com\/tn\/wp-json\/wp\/v2\/media?parent=2681"}],"wp:term":[{"taxonomy":"product_brand","embeddable":true,"href":"https:\/\/info-n.com\/tn\/wp-json\/wp\/v2\/product_brand?post=2681"},{"taxonomy":"product_cat","embeddable":true,"href":"https:\/\/info-n.com\/tn\/wp-json\/wp\/v2\/product_cat?post=2681"},{"taxonomy":"product_tag","embeddable":true,"href":"https:\/\/info-n.com\/tn\/wp-json\/wp\/v2\/product_tag?post=2681"}],"curies":[{"name":"wp","href":"https:\/\/api.w.org\/{rel}","templated":true}]}}