{"id":2682,"date":"2026-03-21T16:25:03","date_gmt":"2026-03-21T15:25:03","guid":{"rendered":"https:\/\/info-n.com\/?post_type=product&#038;p=2682"},"modified":"2026-04-14T11:09:49","modified_gmt":"2026-04-14T10:09:49","slug":"cable-hdmi-vers-hdmi-3m","status":"publish","type":"product","link":"https:\/\/info-n.com\/tn\/shop\/cable-hdmi-vers-hdmi-3m\/","title":{"rendered":"Cable HDMI vers HDMI 3M"},"content":{"rendered":"<p>C\u00e2ble HDMI (High Speed avec Ethernet) universel, un accessoire standard utilis\u00e9 pour transmettre des signaux audio et vid\u00e9o haute d\u00e9finition. Ce cable est con\u00e7u pour connecter divers \u00e9quipements, tels que T\u00e9l\u00e9viseurs, \u00e9crans, ordinateurs, Lecteurs Blu-ray, box TV, PlayStation 3, PlayStation4, Xbox..<\/p>\n","protected":false},"excerpt":{"rendered":"<p>C\u00e2ble HDMI (High Speed avec Ethernet) universel, un accessoire standard utilis\u00e9 pour transmettre des signaux audio et vid\u00e9o haute d\u00e9finition. Ce cable est con\u00e7u pour connecter divers \u00e9quipements, tels que T\u00e9l\u00e9viseurs, \u00e9crans, ordinateurs, Lecteurs Blu-ray, box TV, PlayStation 3, PlayStation4, Xbox..<\/p>\n","protected":false},"featured_media":2683,"template":"","meta":[],"product_brand":[],"product_cat":[696],"product_tag":[126,137,323,325,1909],"class_list":{"0":"post-2682","1":"product","2":"type-product","3":"status-publish","4":"has-post-thumbnail","6":"product_cat-cable-audio-video","7":"product_tag-cable","8":"product_tag-cable-hdmi","9":"product_tag-hdmi","10":"product_tag-high-speed-avec-ethernet","11":"product_tag-tunisie","13":"first","14":"instock","15":"taxable","16":"shipping-taxable","17":"purchasable","18":"product-type-simple"},"aioseo_notices":[],"_links":{"self":[{"href":"https:\/\/info-n.com\/tn\/wp-json\/wp\/v2\/product\/2682","targetHints":{"allow":["GET"]}}],"collection":[{"href":"https:\/\/info-n.com\/tn\/wp-json\/wp\/v2\/product"}],"about":[{"href":"https:\/\/info-n.com\/tn\/wp-json\/wp\/v2\/types\/product"}],"wp:featuredmedia":[{"embeddable":true,"href":"https:\/\/info-n.com\/tn\/wp-json\/wp\/v2\/media\/2683"}],"wp:attachment":[{"href":"https:\/\/info-n.com\/tn\/wp-json\/wp\/v2\/media?parent=2682"}],"wp:term":[{"taxonomy":"product_brand","embeddable":true,"href":"https:\/\/info-n.com\/tn\/wp-json\/wp\/v2\/product_brand?post=2682"},{"taxonomy":"product_cat","embeddable":true,"href":"https:\/\/info-n.com\/tn\/wp-json\/wp\/v2\/product_cat?post=2682"},{"taxonomy":"product_tag","embeddable":true,"href":"https:\/\/info-n.com\/tn\/wp-json\/wp\/v2\/product_tag?post=2682"}],"curies":[{"name":"wp","href":"https:\/\/api.w.org\/{rel}","templated":true}]}}