{"id":2685,"date":"2026-03-21T16:31:43","date_gmt":"2026-03-21T15:31:43","guid":{"rendered":"https:\/\/info-n.com\/?post_type=product&#038;p=2685"},"modified":"2026-04-18T13:21:10","modified_gmt":"2026-04-18T12:21:10","slug":"cable-audio-type-c-vers-jack-modem-cat-cax-004","status":"publish","type":"product","link":"https:\/\/info-n.com\/tn\/shop\/cable-audio-type-c-vers-jack-modem-cat-cax-004\/","title":{"rendered":"Cable Audio Type-C vers Jack MODEM-CAT CAX-004"},"content":{"rendered":"<p>Mod\u00e8le : MODEM-CAT CAX-004 &#8211; Type : Adaptateur Audio (USB-C vers Jack 3,5 mm femelle) &#8211; Mat\u00e9riau : Gaine en nylon haute r\u00e9sistance &#8211; Connectique : Connecteurs renforc\u00e9s anti-corrosion &#8211; Transmission : Son Hi-Fi haute fid\u00e9lit\u00e9 &#8211; Compatibilit\u00e9 : Smartphones, tablettes et PC sans port jack.<\/p>\n","protected":false},"excerpt":{"rendered":"<p>Cable Audio Type-C Vers Jack MODEM-CAT CAX-004 &#8211; Id\u00e9al pour profiter de la musique et les fichiers audios de tous vos appareils sur les Casques, haut paleur, t\u00e9l\u00e9phones mobiles, tablettes, ordinateurs et autres appareils.<\/p>\n","protected":false},"featured_media":2299,"template":"","meta":[],"product_brand":[446],"product_cat":[694,696,297,719],"product_tag":[127,129,141,352,499,1909,646,659],"class_list":{"0":"post-2685","1":"product","2":"type-product","3":"status-publish","4":"has-post-thumbnail","6":"product_brand-modem-cat","7":"product_cat-adaptateur-convertisseur","8":"product_cat-cable-audio-video","9":"product_cat-promo","10":"product_cat-otg-adaptateur","11":"product_tag-cable-audio","12":"product_tag-cable-aux","13":"product_tag-cable-jack-type-c","14":"product_tag-jack","15":"product_tag-promotion","16":"product_tag-tunisie","17":"product_tag-type-c","18":"product_tag-usb-c","20":"first","21":"instock","22":"sale","23":"featured","24":"taxable","25":"shipping-taxable","26":"purchasable","27":"product-type-simple"},"aioseo_notices":[],"_links":{"self":[{"href":"https:\/\/info-n.com\/tn\/wp-json\/wp\/v2\/product\/2685","targetHints":{"allow":["GET"]}}],"collection":[{"href":"https:\/\/info-n.com\/tn\/wp-json\/wp\/v2\/product"}],"about":[{"href":"https:\/\/info-n.com\/tn\/wp-json\/wp\/v2\/types\/product"}],"wp:featuredmedia":[{"embeddable":true,"href":"https:\/\/info-n.com\/tn\/wp-json\/wp\/v2\/media\/2299"}],"wp:attachment":[{"href":"https:\/\/info-n.com\/tn\/wp-json\/wp\/v2\/media?parent=2685"}],"wp:term":[{"taxonomy":"product_brand","embeddable":true,"href":"https:\/\/info-n.com\/tn\/wp-json\/wp\/v2\/product_brand?post=2685"},{"taxonomy":"product_cat","embeddable":true,"href":"https:\/\/info-n.com\/tn\/wp-json\/wp\/v2\/product_cat?post=2685"},{"taxonomy":"product_tag","embeddable":true,"href":"https:\/\/info-n.com\/tn\/wp-json\/wp\/v2\/product_tag?post=2685"}],"curies":[{"name":"wp","href":"https:\/\/api.w.org\/{rel}","templated":true}]}}