{"id":2687,"date":"2026-03-21T16:54:33","date_gmt":"2026-03-21T15:54:33","guid":{"rendered":"https:\/\/info-n.com\/?post_type=product&#038;p=2687"},"modified":"2026-04-18T13:21:15","modified_gmt":"2026-04-18T12:21:15","slug":"cable-audio-jack-3-5mm-plat","status":"publish","type":"product","link":"https:\/\/info-n.com\/tn\/shop\/cable-audio-jack-3-5mm-plat\/","title":{"rendered":"Cable Audio Jack 3.5MM Plat"},"content":{"rendered":"<p>Type : C\u00e2ble Audio Jack 3,5 mm (m\u00e2le vers m\u00e2le) &#8211; Format : C\u00e2ble plat anti-enchev\u00eatrement &#8211; Mat\u00e9riau : Gaine TPE souple et r\u00e9sistante &#8211; Transmission : St\u00e9r\u00e9o haute fid\u00e9lit\u00e9 &#8211; Compatibilit\u00e9 : Smartphones, PC, autoradios et casques<\/p>\n","protected":false},"excerpt":{"rendered":"<p>C\u00e2ble plat jack 3.5 mm m\u00e2le vers jack 3.5 mm m\u00e2le &#8211; Id\u00e9al pour profiter de la musique et les fichiers audios de tous vos appareils sur les Casques, haut paleur, t\u00e9l\u00e9phones mobiles, tablettes, ordinateurs et autres appareils.<\/p>\n","protected":false},"featured_media":2689,"template":"","meta":[],"product_brand":[],"product_cat":[696,297],"product_tag":[127,129,139,142,352,1909],"class_list":{"0":"post-2687","1":"product","2":"type-product","3":"status-publish","4":"has-post-thumbnail","6":"product_cat-cable-audio-video","7":"product_cat-promo","8":"product_tag-cable-audio","9":"product_tag-cable-aux","10":"product_tag-cable-jack","11":"product_tag-cable-jack-jack","12":"product_tag-jack","13":"product_tag-tunisie","15":"first","16":"instock","17":"taxable","18":"shipping-taxable","19":"purchasable","20":"product-type-simple"},"aioseo_notices":[],"_links":{"self":[{"href":"https:\/\/info-n.com\/tn\/wp-json\/wp\/v2\/product\/2687","targetHints":{"allow":["GET"]}}],"collection":[{"href":"https:\/\/info-n.com\/tn\/wp-json\/wp\/v2\/product"}],"about":[{"href":"https:\/\/info-n.com\/tn\/wp-json\/wp\/v2\/types\/product"}],"wp:featuredmedia":[{"embeddable":true,"href":"https:\/\/info-n.com\/tn\/wp-json\/wp\/v2\/media\/2689"}],"wp:attachment":[{"href":"https:\/\/info-n.com\/tn\/wp-json\/wp\/v2\/media?parent=2687"}],"wp:term":[{"taxonomy":"product_brand","embeddable":true,"href":"https:\/\/info-n.com\/tn\/wp-json\/wp\/v2\/product_brand?post=2687"},{"taxonomy":"product_cat","embeddable":true,"href":"https:\/\/info-n.com\/tn\/wp-json\/wp\/v2\/product_cat?post=2687"},{"taxonomy":"product_tag","embeddable":true,"href":"https:\/\/info-n.com\/tn\/wp-json\/wp\/v2\/product_tag?post=2687"}],"curies":[{"name":"wp","href":"https:\/\/api.w.org\/{rel}","templated":true}]}}