{"id":2690,"date":"2026-03-21T16:55:59","date_gmt":"2026-03-21T15:55:59","guid":{"rendered":"https:\/\/info-n.com\/?post_type=product&#038;p=2690"},"modified":"2026-04-14T10:07:28","modified_gmt":"2026-04-14T09:07:28","slug":"cable-audio-video-rca-male-vers-male","status":"publish","type":"product","link":"https:\/\/info-n.com\/tn\/shop\/cable-audio-video-rca-male-vers-male\/","title":{"rendered":"C\u00e2ble Audio Vid\u00e9o RCA m\u00e2le vers m\u00e2le"},"content":{"rendered":"<p>Connectique : RCA (Cinch) m\u00e2le vers m\u00e2le &#8211; Type : Audio et Vid\u00e9o composite &#8211; Canaux : 3 prises (Jaune pour la vid\u00e9o, Rouge et Blanc pour l&rsquo;audio st\u00e9r\u00e9o) &#8211; Longueur : 1,5M &#8211; Transmission : Signal analogique standard &#8211; Compatibilit\u00e9 : T\u00e9l\u00e9viseurs, lecteurs DVD, consoles de jeux et amplificateurs.<\/p>\n","protected":false},"excerpt":{"rendered":"<p>C\u00e2ble Audio Vid\u00e9o RCA-RCA &#8211; C\u00e2ble audio-vid\u00e9o \u00e0 connecteurs RCA convient pour la connexion de dispositifs comme votre console de jeux \u00e0 votre TV.<\/p>\n","protected":false},"featured_media":2300,"template":"","meta":[],"product_brand":[],"product_cat":[696],"product_tag":[126,127,128,153,168,517,518,1909],"class_list":{"0":"post-2690","1":"product","2":"type-product","3":"status-publish","4":"has-post-thumbnail","6":"product_cat-cable-audio-video","7":"product_tag-cable","8":"product_tag-cable-audio","9":"product_tag-cable-audio-video","10":"product_tag-cable-rca","11":"product_tag-cable-video","12":"product_tag-rca","13":"product_tag-rca-rca","14":"product_tag-tunisie","16":"first","17":"instock","18":"sale","19":"taxable","20":"shipping-taxable","21":"purchasable","22":"product-type-simple"},"aioseo_notices":[],"_links":{"self":[{"href":"https:\/\/info-n.com\/tn\/wp-json\/wp\/v2\/product\/2690","targetHints":{"allow":["GET"]}}],"collection":[{"href":"https:\/\/info-n.com\/tn\/wp-json\/wp\/v2\/product"}],"about":[{"href":"https:\/\/info-n.com\/tn\/wp-json\/wp\/v2\/types\/product"}],"wp:featuredmedia":[{"embeddable":true,"href":"https:\/\/info-n.com\/tn\/wp-json\/wp\/v2\/media\/2300"}],"wp:attachment":[{"href":"https:\/\/info-n.com\/tn\/wp-json\/wp\/v2\/media?parent=2690"}],"wp:term":[{"taxonomy":"product_brand","embeddable":true,"href":"https:\/\/info-n.com\/tn\/wp-json\/wp\/v2\/product_brand?post=2690"},{"taxonomy":"product_cat","embeddable":true,"href":"https:\/\/info-n.com\/tn\/wp-json\/wp\/v2\/product_cat?post=2690"},{"taxonomy":"product_tag","embeddable":true,"href":"https:\/\/info-n.com\/tn\/wp-json\/wp\/v2\/product_tag?post=2690"}],"curies":[{"name":"wp","href":"https:\/\/api.w.org\/{rel}","templated":true}]}}