{"id":2691,"date":"2026-03-21T16:57:42","date_gmt":"2026-03-21T15:57:42","guid":{"rendered":"https:\/\/info-n.com\/?post_type=product&#038;p=2691"},"modified":"2026-04-14T10:08:05","modified_gmt":"2026-04-14T09:08:05","slug":"cable-audio-jack-vers-3-rca","status":"publish","type":"product","link":"https:\/\/info-n.com\/tn\/shop\/cable-audio-jack-vers-3-rca\/","title":{"rendered":"C\u00e2ble Audio Vid\u00e9o Jack m\u00e2le vers 3x RCA m\u00e2le"},"content":{"rendered":"<p>Type : C\u00e2ble AV (Jack 3,5 mm m\u00e2le vers 3x RCA m\u00e2les) &#8211; Connectique : Vid\u00e9o (jaune) et Audio St\u00e9r\u00e9o (rouge\/blanc) &#8211; Mat\u00e9riau : Gaine PVC flexible &#8211; Signal : Analogique haute d\u00e9finition &#8211; Compatibilit\u00e9 : Cam\u00e9scopes, d\u00e9codeurs, TV, lecteurs multim\u00e9dias et consoles &#8211; Installation : Plug &#038; Play.<\/p>\n","protected":false},"excerpt":{"rendered":"<p>C\u00e2ble Audio Vid\u00e9o Jack vers 3 RCA &#8211; C\u00e2ble adaptateur Jack 3,5 mm m\u00e2le vers 3 RCA m\u00e2le, couramment utilis\u00e9 pour connecter des appareils audio\/vid\u00e9o portables \u00e0 un t\u00e9l\u00e9viseur ou un syst\u00e8me st\u00e9r\u00e9o.<\/p>\n","protected":false},"featured_media":2319,"template":"","meta":[],"product_brand":[],"product_cat":[694,696],"product_tag":[78,126,127,129,139,140,153,242,243,352,517,1909,1813],"class_list":{"0":"post-2691","1":"product","2":"type-product","3":"status-publish","4":"has-post-thumbnail","6":"product_cat-adaptateur-convertisseur","7":"product_cat-cable-audio-video","8":"product_tag-adaptateur","9":"product_tag-cable","10":"product_tag-cable-audio","11":"product_tag-cable-aux","12":"product_tag-cable-jack","13":"product_tag-cable-jack-rca","14":"product_tag-cable-rca","15":"product_tag-converter","16":"product_tag-convertisseur","17":"product_tag-jack","18":"product_tag-rca","19":"product_tag-tunisie","20":"product_tag-1813","22":"first","23":"instock","24":"sale","25":"taxable","26":"shipping-taxable","27":"purchasable","28":"product-type-simple"},"aioseo_notices":[],"_links":{"self":[{"href":"https:\/\/info-n.com\/tn\/wp-json\/wp\/v2\/product\/2691","targetHints":{"allow":["GET"]}}],"collection":[{"href":"https:\/\/info-n.com\/tn\/wp-json\/wp\/v2\/product"}],"about":[{"href":"https:\/\/info-n.com\/tn\/wp-json\/wp\/v2\/types\/product"}],"wp:featuredmedia":[{"embeddable":true,"href":"https:\/\/info-n.com\/tn\/wp-json\/wp\/v2\/media\/2319"}],"wp:attachment":[{"href":"https:\/\/info-n.com\/tn\/wp-json\/wp\/v2\/media?parent=2691"}],"wp:term":[{"taxonomy":"product_brand","embeddable":true,"href":"https:\/\/info-n.com\/tn\/wp-json\/wp\/v2\/product_brand?post=2691"},{"taxonomy":"product_cat","embeddable":true,"href":"https:\/\/info-n.com\/tn\/wp-json\/wp\/v2\/product_cat?post=2691"},{"taxonomy":"product_tag","embeddable":true,"href":"https:\/\/info-n.com\/tn\/wp-json\/wp\/v2\/product_tag?post=2691"}],"curies":[{"name":"wp","href":"https:\/\/api.w.org\/{rel}","templated":true}]}}